{"id":6967,"date":"2025-12-11T10:10:41","date_gmt":"2025-12-11T10:10:41","guid":{"rendered":"https:\/\/www.chengjitoy.com\/?post_type=product&#038;p=6967"},"modified":"2025-12-11T10:10:41","modified_gmt":"2025-12-11T10:10:41","slug":"wholesale-farm-themed-magnetic-tile-set","status":"publish","type":"product","link":"https:\/\/www.chengjitoy.com\/fr\/product\/wholesale-farm-themed-magnetic-tile-set\/","title":{"rendered":"Vente en gros de tuiles magn\u00e9tiques sur le th\u00e8me de la ferme, blocs de construction en forme d'animaux - Fabricant de jouets \u00e9ducatifs en blocs de construction en Chine"},"content":{"rendered":"<div class=\"wp-block-columns is-layout-flex wp-container-core-columns-is-layout-9d6595d7 wp-block-columns-is-layout-flex\">\n<div class=\"wp-block-column is-layout-flow wp-block-column-is-layout-flow\" style=\"flex-basis:66.66%\">\n<figure class=\"wp-block-image size-full\"><img loading=\"lazy\" decoding=\"async\" width=\"770\" height=\"1099\" src=\"https:\/\/www.chengjitoy.com\/wp-content\/uploads\/2025\/12\/details-of-Farm-themed-magnetic-tiles-1.webp\" alt=\"\" class=\"wp-image-6974\" srcset=\"https:\/\/www.chengjitoy.com\/wp-content\/uploads\/2025\/12\/details-of-Farm-themed-magnetic-tiles-1.webp 770w, https:\/\/www.chengjitoy.com\/wp-content\/uploads\/2025\/12\/details-of-Farm-themed-magnetic-tiles-1-210x300.webp 210w, https:\/\/www.chengjitoy.com\/wp-content\/uploads\/2025\/12\/details-of-Farm-themed-magnetic-tiles-1-768x1096.webp 768w, https:\/\/www.chengjitoy.com\/wp-content\/uploads\/2025\/12\/details-of-Farm-themed-magnetic-tiles-1-8x12.webp 8w, https:\/\/www.chengjitoy.com\/wp-content\/uploads\/2025\/12\/details-of-Farm-themed-magnetic-tiles-1-600x856.webp 600w\" sizes=\"auto, (max-width: 770px) 100vw, 770px\" \/><\/figure>\n\n\n\n<figure class=\"wp-block-image size-full\"><img loading=\"lazy\" decoding=\"async\" width=\"770\" height=\"448\" src=\"https:\/\/www.chengjitoy.com\/wp-content\/uploads\/2025\/12\/details-of-Farm-themed-magnetic-tiles-2.webp\" alt=\"\" class=\"wp-image-6975\" srcset=\"https:\/\/www.chengjitoy.com\/wp-content\/uploads\/2025\/12\/details-of-Farm-themed-magnetic-tiles-2.webp 770w, https:\/\/www.chengjitoy.com\/wp-content\/uploads\/2025\/12\/details-of-Farm-themed-magnetic-tiles-2-300x175.webp 300w, https:\/\/www.chengjitoy.com\/wp-content\/uploads\/2025\/12\/details-of-Farm-themed-magnetic-tiles-2-768x447.webp 768w, https:\/\/www.chengjitoy.com\/wp-content\/uploads\/2025\/12\/details-of-Farm-themed-magnetic-tiles-2-18x10.webp 18w, https:\/\/www.chengjitoy.com\/wp-content\/uploads\/2025\/12\/details-of-Farm-themed-magnetic-tiles-2-600x349.webp 600w\" sizes=\"auto, (max-width: 770px) 100vw, 770px\" \/><\/figure>\n\n\n\n<figure class=\"wp-block-image size-full\"><img loading=\"lazy\" decoding=\"async\" width=\"770\" height=\"1267\" src=\"https:\/\/www.chengjitoy.com\/wp-content\/uploads\/2025\/12\/details-of-Farm-themed-magnetic-tiles-3.webp\" alt=\"\" class=\"wp-image-6976\" srcset=\"https:\/\/www.chengjitoy.com\/wp-content\/uploads\/2025\/12\/details-of-Farm-themed-magnetic-tiles-3.webp 770w, https:\/\/www.chengjitoy.com\/wp-content\/uploads\/2025\/12\/details-of-Farm-themed-magnetic-tiles-3-182x300.webp 182w, https:\/\/www.chengjitoy.com\/wp-content\/uploads\/2025\/12\/details-of-Farm-themed-magnetic-tiles-3-768x1264.webp 768w, https:\/\/www.chengjitoy.com\/wp-content\/uploads\/2025\/12\/details-of-Farm-themed-magnetic-tiles-3-7x12.webp 7w, https:\/\/www.chengjitoy.com\/wp-content\/uploads\/2025\/12\/details-of-Farm-themed-magnetic-tiles-3-600x987.webp 600w\" sizes=\"auto, (max-width: 770px) 100vw, 770px\" \/><\/figure>\n\n\n\n<figure class=\"wp-block-image size-full\"><img loading=\"lazy\" decoding=\"async\" width=\"770\" height=\"1264\" src=\"https:\/\/www.chengjitoy.com\/wp-content\/uploads\/2025\/12\/details-of-Farm-themed-magnetic-tiles-4.webp\" alt=\"\" class=\"wp-image-6977\" srcset=\"https:\/\/www.chengjitoy.com\/wp-content\/uploads\/2025\/12\/details-of-Farm-themed-magnetic-tiles-4.webp 770w, https:\/\/www.chengjitoy.com\/wp-content\/uploads\/2025\/12\/details-of-Farm-themed-magnetic-tiles-4-183x300.webp 183w, https:\/\/www.chengjitoy.com\/wp-content\/uploads\/2025\/12\/details-of-Farm-themed-magnetic-tiles-4-768x1261.webp 768w, https:\/\/www.chengjitoy.com\/wp-content\/uploads\/2025\/12\/details-of-Farm-themed-magnetic-tiles-4-7x12.webp 7w, https:\/\/www.chengjitoy.com\/wp-content\/uploads\/2025\/12\/details-of-Farm-themed-magnetic-tiles-4-600x985.webp 600w\" sizes=\"auto, (max-width: 770px) 100vw, 770px\" \/><\/figure>\n\n\n\n<figure class=\"wp-block-image size-full\"><img loading=\"lazy\" decoding=\"async\" width=\"770\" height=\"1267\" src=\"https:\/\/www.chengjitoy.com\/wp-content\/uploads\/2025\/12\/details-of-Farm-themed-magnetic-tiles-5.webp\" alt=\"\" class=\"wp-image-6978\" srcset=\"https:\/\/www.chengjitoy.com\/wp-content\/uploads\/2025\/12\/details-of-Farm-themed-magnetic-tiles-5.webp 770w, https:\/\/www.chengjitoy.com\/wp-content\/uploads\/2025\/12\/details-of-Farm-themed-magnetic-tiles-5-182x300.webp 182w, https:\/\/www.chengjitoy.com\/wp-content\/uploads\/2025\/12\/details-of-Farm-themed-magnetic-tiles-5-768x1264.webp 768w, https:\/\/www.chengjitoy.com\/wp-content\/uploads\/2025\/12\/details-of-Farm-themed-magnetic-tiles-5-7x12.webp 7w, https:\/\/www.chengjitoy.com\/wp-content\/uploads\/2025\/12\/details-of-Farm-themed-magnetic-tiles-5-600x987.webp 600w\" sizes=\"auto, (max-width: 770px) 100vw, 770px\" \/><\/figure>\n\n\n\n<figure class=\"wp-block-image size-full\"><img loading=\"lazy\" decoding=\"async\" width=\"770\" height=\"1308\" src=\"https:\/\/www.chengjitoy.com\/wp-content\/uploads\/2025\/12\/details-of-Farm-themed-magnetic-tiles-6.webp\" alt=\"\" class=\"wp-image-6979\" srcset=\"https:\/\/www.chengjitoy.com\/wp-content\/uploads\/2025\/12\/details-of-Farm-themed-magnetic-tiles-6.webp 770w, https:\/\/www.chengjitoy.com\/wp-content\/uploads\/2025\/12\/details-of-Farm-themed-magnetic-tiles-6-177x300.webp 177w, https:\/\/www.chengjitoy.com\/wp-content\/uploads\/2025\/12\/details-of-Farm-themed-magnetic-tiles-6-768x1305.webp 768w, https:\/\/www.chengjitoy.com\/wp-content\/uploads\/2025\/12\/details-of-Farm-themed-magnetic-tiles-6-7x12.webp 7w, https:\/\/www.chengjitoy.com\/wp-content\/uploads\/2025\/12\/details-of-Farm-themed-magnetic-tiles-6-600x1019.webp 600w\" sizes=\"auto, (max-width: 770px) 100vw, 770px\" \/><\/figure>\n\n\n\n<figure class=\"wp-block-image size-full\"><img loading=\"lazy\" decoding=\"async\" width=\"770\" height=\"476\" src=\"https:\/\/www.chengjitoy.com\/wp-content\/uploads\/2025\/12\/details-of-Farm-themed-magnetic-tiles-7.webp\" alt=\"\" class=\"wp-image-6980\" srcset=\"https:\/\/www.chengjitoy.com\/wp-content\/uploads\/2025\/12\/details-of-Farm-themed-magnetic-tiles-7.webp 770w, https:\/\/www.chengjitoy.com\/wp-content\/uploads\/2025\/12\/details-of-Farm-themed-magnetic-tiles-7-300x185.webp 300w, https:\/\/www.chengjitoy.com\/wp-content\/uploads\/2025\/12\/details-of-Farm-themed-magnetic-tiles-7-768x475.webp 768w, https:\/\/www.chengjitoy.com\/wp-content\/uploads\/2025\/12\/details-of-Farm-themed-magnetic-tiles-7-18x12.webp 18w, https:\/\/www.chengjitoy.com\/wp-content\/uploads\/2025\/12\/details-of-Farm-themed-magnetic-tiles-7-600x371.webp 600w\" sizes=\"auto, (max-width: 770px) 100vw, 770px\" \/><\/figure>\n\n\n\n<figure class=\"wp-block-image size-full\"><img loading=\"lazy\" decoding=\"async\" width=\"770\" height=\"690\" src=\"https:\/\/www.chengjitoy.com\/wp-content\/uploads\/2025\/12\/details-of-Farm-themed-magnetic-tiles-8.webp\" alt=\"\" class=\"wp-image-6981\" srcset=\"https:\/\/www.chengjitoy.com\/wp-content\/uploads\/2025\/12\/details-of-Farm-themed-magnetic-tiles-8.webp 770w, https:\/\/www.chengjitoy.com\/wp-content\/uploads\/2025\/12\/details-of-Farm-themed-magnetic-tiles-8-300x269.webp 300w, https:\/\/www.chengjitoy.com\/wp-content\/uploads\/2025\/12\/details-of-Farm-themed-magnetic-tiles-8-768x688.webp 768w, https:\/\/www.chengjitoy.com\/wp-content\/uploads\/2025\/12\/details-of-Farm-themed-magnetic-tiles-8-13x12.webp 13w, https:\/\/www.chengjitoy.com\/wp-content\/uploads\/2025\/12\/details-of-Farm-themed-magnetic-tiles-8-600x538.webp 600w\" sizes=\"auto, (max-width: 770px) 100vw, 770px\" \/><\/figure>\n\n\n\n<figure class=\"wp-block-image size-full\"><img loading=\"lazy\" decoding=\"async\" width=\"770\" height=\"702\" src=\"https:\/\/www.chengjitoy.com\/wp-content\/uploads\/2025\/12\/details-of-Farm-themed-magnetic-tiles-9.webp\" alt=\"\" class=\"wp-image-6982\" srcset=\"https:\/\/www.chengjitoy.com\/wp-content\/uploads\/2025\/12\/details-of-Farm-themed-magnetic-tiles-9.webp 770w, https:\/\/www.chengjitoy.com\/wp-content\/uploads\/2025\/12\/details-of-Farm-themed-magnetic-tiles-9-300x274.webp 300w, https:\/\/www.chengjitoy.com\/wp-content\/uploads\/2025\/12\/details-of-Farm-themed-magnetic-tiles-9-768x700.webp 768w, https:\/\/www.chengjitoy.com\/wp-content\/uploads\/2025\/12\/details-of-Farm-themed-magnetic-tiles-9-13x12.webp 13w, https:\/\/www.chengjitoy.com\/wp-content\/uploads\/2025\/12\/details-of-Farm-themed-magnetic-tiles-9-600x547.webp 600w\" sizes=\"auto, (max-width: 770px) 100vw, 770px\" \/><\/figure>\n<\/div>\n\n\n\n<div class=\"wp-block-column is-layout-flow wp-block-column-is-layout-flow\" style=\"flex-basis:33.33%\"><\/div>\n<\/div>","protected":false},"excerpt":{"rendered":"<p>Les tuiles magn\u00e9tiques sur le th\u00e8me de la ferme, avec des t\u00eates d'animaux rotatives et des aimants ABS puissants, font le lien entre le jeu et l'apprentissage. Ce jouet permet d'am\u00e9liorer les comp\u00e9tences pratiques et les connaissances mises en sc\u00e8ne.<\/p>\n<p>En tant que <a href=\"https:\/\/www.chengjitoy.com\/fr\/categorie-produit\/wholesale-educational-toys\/\"><strong>fournisseur de jouets \u00e9ducatifs<\/strong><\/a>, Chengji est en mesure de fournir des jouets en vrac aux marques, aux d\u00e9taillants et aux grossistes. Contactez nous d\u00e8s maintenant !<\/p>\n<h2>Sp\u00e9cifications des tuiles magn\u00e9tiques sur le th\u00e8me de la ferme<\/h2>\n<table style=\"border-collapse: collapse; width: 343.52pt;\" border=\"0\" width=\"458\" cellspacing=\"0\" cellpadding=\"0\">\n<tbody>\n<tr style=\"height: 19.50pt;\">\n<td class=\"et2\" style=\"height: 19.50pt; width: 133.75pt;\" width=\"178\" height=\"26\">Num\u00e9ro d'article :<\/td>\n<td class=\"et3\" style=\"width: 210.00pt;\" width=\"280\">CJ-4306635<\/td>\n<\/tr>\n<tr style=\"height: 20.25pt;\">\n<td class=\"et4\" style=\"height: 20.25pt; width: 133.75pt;\" width=\"178\" height=\"27\">Paquet :<\/td>\n<td class=\"et5\" style=\"width: 210.00pt;\" width=\"280\">COLOR BOX<\/td>\n<\/tr>\n<tr style=\"height: 19.50pt;\">\n<td class=\"et4\" style=\"height: 19.50pt; width: 133.75pt;\" width=\"178\" height=\"26\">Taille de l'emballage :<\/td>\n<td class=\"et5\" style=\"width: 210.00pt;\" width=\"280\">38*30*6CM<\/td>\n<\/tr>\n<tr style=\"height: 20.25pt;\">\n<td class=\"et4\" style=\"height: 20.25pt; width: 133.75pt;\" width=\"178\" height=\"27\">Taille du carton\uff1a<\/td>\n<td class=\"et5\" style=\"width: 210.00pt;\" width=\"280\">62*38.5*40CM<\/td>\n<\/tr>\n<tr style=\"height: 19.50pt;\">\n<td class=\"et4\" style=\"height: 19.50pt; width: 133.75pt;\" width=\"178\" height=\"26\">Q'ty\/Ctn :<\/td>\n<td class=\"et5\" style=\"width: 210.00pt;\" width=\"280\">12\/PCS<\/td>\n<\/tr>\n<tr style=\"height: 20.25pt;\">\n<td class=\"et4\" style=\"height: 20.25pt; width: 133.75pt;\" width=\"178\" height=\"27\">G.W.\/N.W. :<\/td>\n<td class=\"et5\" style=\"width: 210.00pt;\" width=\"280\">15,5\/14,5 KG<\/td>\n<\/tr>\n<tr style=\"height: 19.50pt;\">\n<td class=\"et4\" style=\"height: 19.50pt; width: 133.75pt;\" width=\"178\" height=\"26\">Mesure :<\/td>\n<td class=\"et5\" style=\"width: 210.00pt;\" width=\"280\">0,1 CBM\u2019\/3,37 CUFT\u2019.\u2019<\/td>\n<\/tr>\n<\/tbody>\n<\/table>","protected":false},"featured_media":6968,"comment_status":"closed","ping_status":"closed","template":"","meta":{"_acf_changed":true},"product_brand":[],"product_cat":[26,30,41,24],"product_tag":[],"class_list":{"0":"post-6967","1":"product","2":"type-product","3":"status-publish","4":"has-post-thumbnail","6":"product_cat-wholesale-toys-for-all-ages","7":"product_cat-wholesale-toys-for-ages-3-and-up","8":"product_cat-wholesale-blocks-and-puzzles","9":"product_cat-wholesale-educational-toys","11":"first","12":"instock","13":"shipping-taxable","14":"product-type-simple"},"acf":[],"_links":{"self":[{"href":"https:\/\/www.chengjitoy.com\/fr\/wp-json\/wp\/v2\/product\/6967","targetHints":{"allow":["GET"]}}],"collection":[{"href":"https:\/\/www.chengjitoy.com\/fr\/wp-json\/wp\/v2\/product"}],"about":[{"href":"https:\/\/www.chengjitoy.com\/fr\/wp-json\/wp\/v2\/types\/product"}],"replies":[{"embeddable":true,"href":"https:\/\/www.chengjitoy.com\/fr\/wp-json\/wp\/v2\/comments?post=6967"}],"wp:featuredmedia":[{"embeddable":true,"href":"https:\/\/www.chengjitoy.com\/fr\/wp-json\/wp\/v2\/media\/6968"}],"wp:attachment":[{"href":"https:\/\/www.chengjitoy.com\/fr\/wp-json\/wp\/v2\/media?parent=6967"}],"wp:term":[{"taxonomy":"product_brand","embeddable":true,"href":"https:\/\/www.chengjitoy.com\/fr\/wp-json\/wp\/v2\/product_brand?post=6967"},{"taxonomy":"product_cat","embeddable":true,"href":"https:\/\/www.chengjitoy.com\/fr\/wp-json\/wp\/v2\/product_cat?post=6967"},{"taxonomy":"product_tag","embeddable":true,"href":"https:\/\/www.chengjitoy.com\/fr\/wp-json\/wp\/v2\/product_tag?post=6967"}],"curies":[{"name":"wp","href":"https:\/\/api.w.org\/{rel}","templated":true}]}}