{"id":697,"date":"2025-06-16T22:57:41","date_gmt":"2025-06-16T22:57:41","guid":{"rendered":"https:\/\/www.chengjitoy.com\/?post_type=product&#038;p=697"},"modified":"2025-06-30T01:14:10","modified_gmt":"2025-06-30T01:14:10","slug":"wholesale-microscope-toy-cj4454172","status":"publish","type":"product","link":"https:\/\/www.chengjitoy.com\/fr\/product\/wholesale-microscope-toy-cj4454172\/","title":{"rendered":"Vente en gros de jouets microscopiques - Microscope haute d\u00e9finition 1000x, enregistrement photo\/vid\u00e9o haute d\u00e9finition en un clic"},"content":{"rendered":"<div class=\"wp-block-columns is-layout-flex wp-container-core-columns-is-layout-9d6595d7 wp-block-columns-is-layout-flex\">\n<div class=\"wp-block-column is-layout-flow wp-block-column-is-layout-flow\" style=\"flex-basis:66.66%\">\n<figure class=\"wp-block-image size-full\"><img loading=\"lazy\" decoding=\"async\" width=\"770\" height=\"1597\" sizes=\"auto, (max-width: 770px) 100vw, 770px\" src=\"https:\/\/www.chengjitoy.com\/wp-content\/uploads\/2025\/06\/details-of-microscope-toy-CJ4454172-1.webp\" alt=\"d\u00e9tails du jouet microscope CJ4454172 (1)\" class=\"wp-image-698\" srcset=\"https:\/\/www.chengjitoy.com\/wp-content\/uploads\/2025\/06\/details-of-microscope-toy-CJ4454172-1.webp 770w, https:\/\/www.chengjitoy.com\/wp-content\/uploads\/2025\/06\/details-of-microscope-toy-CJ4454172-1-145x300.webp 145w, https:\/\/www.chengjitoy.com\/wp-content\/uploads\/2025\/06\/details-of-microscope-toy-CJ4454172-1-768x1593.webp 768w, https:\/\/www.chengjitoy.com\/wp-content\/uploads\/2025\/06\/details-of-microscope-toy-CJ4454172-1-600x1244.webp 600w\" \/><\/figure>\n\n\n\n<figure class=\"wp-block-image size-full\"><img loading=\"lazy\" decoding=\"async\" width=\"770\" height=\"1440\" sizes=\"auto, (max-width: 770px) 100vw, 770px\" src=\"https:\/\/www.chengjitoy.com\/wp-content\/uploads\/2025\/06\/details-of-microscope-toy-CJ4454172-2.webp\" alt=\"d\u00e9tails du jouet microscope CJ4454172 (2)\" class=\"wp-image-699\" srcset=\"https:\/\/www.chengjitoy.com\/wp-content\/uploads\/2025\/06\/details-of-microscope-toy-CJ4454172-2.webp 770w, https:\/\/www.chengjitoy.com\/wp-content\/uploads\/2025\/06\/details-of-microscope-toy-CJ4454172-2-160x300.webp 160w, https:\/\/www.chengjitoy.com\/wp-content\/uploads\/2025\/06\/details-of-microscope-toy-CJ4454172-2-768x1436.webp 768w, https:\/\/www.chengjitoy.com\/wp-content\/uploads\/2025\/06\/details-of-microscope-toy-CJ4454172-2-600x1122.webp 600w\" \/><\/figure>\n\n\n\n<figure class=\"wp-block-image size-full\"><img loading=\"lazy\" decoding=\"async\" width=\"770\" height=\"1591\" sizes=\"auto, (max-width: 770px) 100vw, 770px\" src=\"https:\/\/www.chengjitoy.com\/wp-content\/uploads\/2025\/06\/details-of-microscope-toy-CJ4454172-3.webp\" alt=\"d\u00e9tails du jouet microscope CJ4454172 (3)\" class=\"wp-image-700\" srcset=\"https:\/\/www.chengjitoy.com\/wp-content\/uploads\/2025\/06\/details-of-microscope-toy-CJ4454172-3.webp 770w, https:\/\/www.chengjitoy.com\/wp-content\/uploads\/2025\/06\/details-of-microscope-toy-CJ4454172-3-145x300.webp 145w, https:\/\/www.chengjitoy.com\/wp-content\/uploads\/2025\/06\/details-of-microscope-toy-CJ4454172-3-768x1587.webp 768w, https:\/\/www.chengjitoy.com\/wp-content\/uploads\/2025\/06\/details-of-microscope-toy-CJ4454172-3-600x1240.webp 600w\" \/><\/figure>\n\n\n\n<figure class=\"wp-block-image size-full\"><img loading=\"lazy\" decoding=\"async\" width=\"770\" height=\"1622\" sizes=\"auto, (max-width: 770px) 100vw, 770px\" src=\"https:\/\/www.chengjitoy.com\/wp-content\/uploads\/2025\/06\/details-of-microscope-toy-CJ4454172-4.webp\" alt=\"d\u00e9tails du jouet microscope CJ4454172 (4)\" class=\"wp-image-701\" srcset=\"https:\/\/www.chengjitoy.com\/wp-content\/uploads\/2025\/06\/details-of-microscope-toy-CJ4454172-4.webp 770w, https:\/\/www.chengjitoy.com\/wp-content\/uploads\/2025\/06\/details-of-microscope-toy-CJ4454172-4-142x300.webp 142w, https:\/\/www.chengjitoy.com\/wp-content\/uploads\/2025\/06\/details-of-microscope-toy-CJ4454172-4-768x1618.webp 768w, https:\/\/www.chengjitoy.com\/wp-content\/uploads\/2025\/06\/details-of-microscope-toy-CJ4454172-4-600x1264.webp 600w\" \/><\/figure>\n\n\n\n<figure class=\"wp-block-image size-full\"><img loading=\"lazy\" decoding=\"async\" width=\"770\" height=\"1508\" sizes=\"auto, (max-width: 770px) 100vw, 770px\" src=\"https:\/\/www.chengjitoy.com\/wp-content\/uploads\/2025\/06\/details-of-microscope-toy-CJ4454172-5.webp\" alt=\"d\u00e9tails du jouet microscope CJ4454172 (5)\" class=\"wp-image-702\" srcset=\"https:\/\/www.chengjitoy.com\/wp-content\/uploads\/2025\/06\/details-of-microscope-toy-CJ4454172-5.webp 770w, https:\/\/www.chengjitoy.com\/wp-content\/uploads\/2025\/06\/details-of-microscope-toy-CJ4454172-5-153x300.webp 153w, https:\/\/www.chengjitoy.com\/wp-content\/uploads\/2025\/06\/details-of-microscope-toy-CJ4454172-5-768x1504.webp 768w, https:\/\/www.chengjitoy.com\/wp-content\/uploads\/2025\/06\/details-of-microscope-toy-CJ4454172-5-600x1175.webp 600w\" \/><\/figure>\n\n\n\n<figure class=\"wp-block-image size-full\"><img loading=\"lazy\" decoding=\"async\" width=\"770\" height=\"1586\" sizes=\"auto, (max-width: 770px) 100vw, 770px\" src=\"https:\/\/www.chengjitoy.com\/wp-content\/uploads\/2025\/06\/details-of-microscope-toy-CJ4454172-6.webp\" alt=\"d\u00e9tails du jouet microscope CJ4454172 (6)\" class=\"wp-image-703\" srcset=\"https:\/\/www.chengjitoy.com\/wp-content\/uploads\/2025\/06\/details-of-microscope-toy-CJ4454172-6.webp 770w, https:\/\/www.chengjitoy.com\/wp-content\/uploads\/2025\/06\/details-of-microscope-toy-CJ4454172-6-146x300.webp 146w, https:\/\/www.chengjitoy.com\/wp-content\/uploads\/2025\/06\/details-of-microscope-toy-CJ4454172-6-768x1582.webp 768w, https:\/\/www.chengjitoy.com\/wp-content\/uploads\/2025\/06\/details-of-microscope-toy-CJ4454172-6-600x1236.webp 600w\" \/><\/figure>\n\n\n\n<figure class=\"wp-block-image size-full\"><img loading=\"lazy\" decoding=\"async\" width=\"770\" height=\"1534\" sizes=\"auto, (max-width: 770px) 100vw, 770px\" src=\"https:\/\/www.chengjitoy.com\/wp-content\/uploads\/2025\/06\/details-of-microscope-toy-CJ4454172-7.webp\" alt=\"d\u00e9tails du jouet microscope CJ4454172 (7)\" class=\"wp-image-704\" srcset=\"https:\/\/www.chengjitoy.com\/wp-content\/uploads\/2025\/06\/details-of-microscope-toy-CJ4454172-7.webp 770w, https:\/\/www.chengjitoy.com\/wp-content\/uploads\/2025\/06\/details-of-microscope-toy-CJ4454172-7-151x300.webp 151w, https:\/\/www.chengjitoy.com\/wp-content\/uploads\/2025\/06\/details-of-microscope-toy-CJ4454172-7-768x1530.webp 768w, https:\/\/www.chengjitoy.com\/wp-content\/uploads\/2025\/06\/details-of-microscope-toy-CJ4454172-7-600x1195.webp 600w\" \/><\/figure>\n\n\n\n<figure class=\"wp-block-image size-full\"><img loading=\"lazy\" decoding=\"async\" width=\"770\" height=\"1582\" sizes=\"auto, (max-width: 770px) 100vw, 770px\" src=\"https:\/\/www.chengjitoy.com\/wp-content\/uploads\/2025\/06\/details-of-microscope-toy-CJ4454172-8.webp\" alt=\"d\u00e9tails du jouet microscope CJ4454172 (8)\" class=\"wp-image-705\" srcset=\"https:\/\/www.chengjitoy.com\/wp-content\/uploads\/2025\/06\/details-of-microscope-toy-CJ4454172-8.webp 770w, https:\/\/www.chengjitoy.com\/wp-content\/uploads\/2025\/06\/details-of-microscope-toy-CJ4454172-8-146x300.webp 146w, https:\/\/www.chengjitoy.com\/wp-content\/uploads\/2025\/06\/details-of-microscope-toy-CJ4454172-8-768x1578.webp 768w, https:\/\/www.chengjitoy.com\/wp-content\/uploads\/2025\/06\/details-of-microscope-toy-CJ4454172-8-600x1233.webp 600w\" \/><\/figure>\n\n\n\n<figure class=\"wp-block-image size-full\"><img loading=\"lazy\" decoding=\"async\" width=\"770\" height=\"1564\" sizes=\"auto, (max-width: 770px) 100vw, 770px\" src=\"https:\/\/www.chengjitoy.com\/wp-content\/uploads\/2025\/06\/details-of-microscope-toy-CJ4454172-9.webp\" alt=\"d\u00e9tails du jouet microscope CJ4454172 (9)\" class=\"wp-image-706\" srcset=\"https:\/\/www.chengjitoy.com\/wp-content\/uploads\/2025\/06\/details-of-microscope-toy-CJ4454172-9.webp 770w, https:\/\/www.chengjitoy.com\/wp-content\/uploads\/2025\/06\/details-of-microscope-toy-CJ4454172-9-148x300.webp 148w, https:\/\/www.chengjitoy.com\/wp-content\/uploads\/2025\/06\/details-of-microscope-toy-CJ4454172-9-768x1560.webp 768w, https:\/\/www.chengjitoy.com\/wp-content\/uploads\/2025\/06\/details-of-microscope-toy-CJ4454172-9-600x1219.webp 600w\" \/><\/figure>\n\n\n\n<figure class=\"wp-block-image size-full\"><img loading=\"lazy\" decoding=\"async\" width=\"770\" height=\"1893\" sizes=\"auto, (max-width: 770px) 100vw, 770px\" src=\"https:\/\/www.chengjitoy.com\/wp-content\/uploads\/2025\/06\/details-of-microscope-toy-CJ4454172-10.webp\" alt=\"d\u00e9tails du jouet microscope CJ4454172 (10)\" class=\"wp-image-707\" srcset=\"https:\/\/www.chengjitoy.com\/wp-content\/uploads\/2025\/06\/details-of-microscope-toy-CJ4454172-10.webp 770w, https:\/\/www.chengjitoy.com\/wp-content\/uploads\/2025\/06\/details-of-microscope-toy-CJ4454172-10-122x300.webp 122w, https:\/\/www.chengjitoy.com\/wp-content\/uploads\/2025\/06\/details-of-microscope-toy-CJ4454172-10-768x1888.webp 768w, https:\/\/www.chengjitoy.com\/wp-content\/uploads\/2025\/06\/details-of-microscope-toy-CJ4454172-10-600x1475.webp 600w\" \/><\/figure>\n<\/div>\n\n\n\n<div class=\"wp-block-column is-layout-flow wp-block-column-is-layout-flow\" style=\"flex-basis:33.33%\"><\/div>\n<\/div>","protected":false},"excerpt":{"rendered":"<p>Les jouets microscopiques en gros, combinant valeur \u00e9ducative et technologie de pointe, sont id\u00e9aux pour les \u00e9coles, les projets scientifiques des enfants et les d\u00e9taillants. Avec un grossissement de 1000x, un \u00e9cran LED haute d\u00e9finition et une double source de lumi\u00e8re, les enfants peuvent observer clairement le monde microscopique. Nous prenons en charge la personnalisation OEM et nous vous invitons \u00e0 acheter en gros.<\/p>\n<h2>Sp\u00e9cifications du jouet microscope CJ-4454172<\/h2>\n<table style=\"border-collapse: collapse; width: 343.52pt;\" border=\"0\" width=\"458\" cellspacing=\"0\" cellpadding=\"0\">\n<tbody>\n<tr style=\"height: 20.25pt;\">\n<td class=\"et2\" style=\"height: 20.25pt; width: 133.75pt;\" width=\"178\" height=\"27\">Num\u00e9ro d'article :<\/td>\n<td class=\"et3\" style=\"width: 210.00pt;\" width=\"280\">CJ-4454172<\/td>\n<\/tr>\n<tr style=\"height: 19.50pt;\">\n<td class=\"et4\" style=\"height: 19.50pt; width: 133.75pt;\" width=\"178\" height=\"26\">Paquet :<\/td>\n<td class=\"et5\" style=\"width: 210.00pt;\" width=\"280\">COLOR BOX<\/td>\n<\/tr>\n<tr style=\"height: 20.25pt;\">\n<td class=\"et4\" style=\"height: 20.25pt; width: 133.75pt;\" width=\"178\" height=\"27\">Taille de l'emballage :<\/td>\n<td class=\"et5\" style=\"width: 210.00pt;\" width=\"280\">16\u00d715\u00d76,5 cm<\/td>\n<\/tr>\n<tr style=\"height: 19.50pt;\">\n<td class=\"et4\" style=\"height: 19.50pt; width: 133.75pt;\" width=\"178\" height=\"26\">Taille du carton\uff1a<\/td>\n<td class=\"et5\" style=\"width: 210.00pt;\" width=\"280\">44\u00d735\u00d766 cm<\/td>\n<\/tr>\n<tr style=\"height: 20.25pt;\">\n<td class=\"et4\" style=\"height: 20.25pt; width: 133.75pt;\" width=\"178\" height=\"27\">Qt\u00e9\/Ctn :<\/td>\n<td class=\"et5\" style=\"width: 210.00pt;\" width=\"280\">48 pi\u00e8ces<\/td>\n<\/tr>\n<tr style=\"height: 19.50pt;\">\n<td class=\"et4\" style=\"height: 19.50pt; width: 133.75pt;\" width=\"178\" height=\"26\">G.W.\/N.W. :<\/td>\n<td class=\"et5\" style=\"width: 210.00pt;\" width=\"280\">14 \/ 12 kg<\/td>\n<\/tr>\n<tr style=\"height: 20.25pt;\">\n<td class=\"et4\" style=\"height: 20.25pt; width: 133.75pt;\" width=\"178\" height=\"27\">Mesure :<\/td>\n<td class=\"et5\" style=\"width: 210.00pt;\" width=\"280\">0,1 cbm \/ 3,59 cuft<\/td>\n<\/tr>\n<\/tbody>\n<\/table>","protected":false},"featured_media":708,"comment_status":"closed","ping_status":"closed","template":"","meta":{"_acf_changed":false},"product_brand":[],"product_cat":[26,28,24,44],"product_tag":[],"class_list":{"0":"post-697","1":"product","2":"type-product","3":"status-publish","4":"has-post-thumbnail","6":"product_cat-wholesale-toys-for-all-ages","7":"product_cat-wholesale-toys-for-ages-8-and-up","8":"product_cat-wholesale-educational-toys","9":"product_cat-wholesale-science-and-engineering-toys","11":"first","12":"instock","13":"shipping-taxable","14":"product-type-simple"},"acf":[],"_links":{"self":[{"href":"https:\/\/www.chengjitoy.com\/fr\/wp-json\/wp\/v2\/product\/697","targetHints":{"allow":["GET"]}}],"collection":[{"href":"https:\/\/www.chengjitoy.com\/fr\/wp-json\/wp\/v2\/product"}],"about":[{"href":"https:\/\/www.chengjitoy.com\/fr\/wp-json\/wp\/v2\/types\/product"}],"replies":[{"embeddable":true,"href":"https:\/\/www.chengjitoy.com\/fr\/wp-json\/wp\/v2\/comments?post=697"}],"wp:featuredmedia":[{"embeddable":true,"href":"https:\/\/www.chengjitoy.com\/fr\/wp-json\/wp\/v2\/media\/708"}],"wp:attachment":[{"href":"https:\/\/www.chengjitoy.com\/fr\/wp-json\/wp\/v2\/media?parent=697"}],"wp:term":[{"taxonomy":"product_brand","embeddable":true,"href":"https:\/\/www.chengjitoy.com\/fr\/wp-json\/wp\/v2\/product_brand?post=697"},{"taxonomy":"product_cat","embeddable":true,"href":"https:\/\/www.chengjitoy.com\/fr\/wp-json\/wp\/v2\/product_cat?post=697"},{"taxonomy":"product_tag","embeddable":true,"href":"https:\/\/www.chengjitoy.com\/fr\/wp-json\/wp\/v2\/product_tag?post=697"}],"curies":[{"name":"wp","href":"https:\/\/api.w.org\/{rel}","templated":true}]}}