{"id":715,"date":"2025-06-17T00:51:36","date_gmt":"2025-06-17T00:51:36","guid":{"rendered":"https:\/\/www.chengjitoy.com\/?post_type=product&#038;p=715"},"modified":"2025-06-30T09:39:20","modified_gmt":"2025-06-30T09:39:20","slug":"wholesale-educational-stacking-toy-cj4894355","status":"publish","type":"product","link":"https:\/\/www.chengjitoy.com\/fr\/product\/wholesale-educational-stacking-toy-cj4894355\/","title":{"rendered":"Jouets \u00e9ducatifs en gros, jouets \u00e0 empiler \u00e9l\u00e9phants, blocs de construction int\u00e9ressants"},"content":{"rendered":"<div class=\"wp-block-columns is-layout-flex wp-container-core-columns-is-layout-9d6595d7 wp-block-columns-is-layout-flex\">\n<div class=\"wp-block-column is-layout-flow wp-block-column-is-layout-flow\" style=\"flex-basis:66.66%\">\n<figure class=\"wp-block-image size-full\"><img loading=\"lazy\" decoding=\"async\" width=\"770\" height=\"1555\" sizes=\"auto, (max-width: 770px) 100vw, 770px\" src=\"https:\/\/www.chengjitoy.com\/wp-content\/uploads\/2025\/06\/wholesale-educational-elephant-stacking-toy-details-1.webp\" alt=\"grossiste jouets \u00e9ducatifs \u00e0 empiler \u00e9l\u00e9phant d\u00e9tails (1)\" class=\"wp-image-724\" srcset=\"https:\/\/www.chengjitoy.com\/wp-content\/uploads\/2025\/06\/wholesale-educational-elephant-stacking-toy-details-1.webp 770w, https:\/\/www.chengjitoy.com\/wp-content\/uploads\/2025\/06\/wholesale-educational-elephant-stacking-toy-details-1-149x300.webp 149w, https:\/\/www.chengjitoy.com\/wp-content\/uploads\/2025\/06\/wholesale-educational-elephant-stacking-toy-details-1-768x1551.webp 768w, https:\/\/www.chengjitoy.com\/wp-content\/uploads\/2025\/06\/wholesale-educational-elephant-stacking-toy-details-1-600x1212.webp 600w\" \/><\/figure>\n\n\n\n<figure class=\"wp-block-image size-full\"><img loading=\"lazy\" decoding=\"async\" width=\"770\" height=\"1256\" sizes=\"auto, (max-width: 770px) 100vw, 770px\" src=\"https:\/\/www.chengjitoy.com\/wp-content\/uploads\/2025\/06\/wholesale-educational-elephant-stacking-toy-details-2.webp\" alt=\"grossiste jouets \u00e9ducatifs \u00e0 empiler \u00e9l\u00e9phant d\u00e9tails (2)\" class=\"wp-image-725\" srcset=\"https:\/\/www.chengjitoy.com\/wp-content\/uploads\/2025\/06\/wholesale-educational-elephant-stacking-toy-details-2.webp 770w, https:\/\/www.chengjitoy.com\/wp-content\/uploads\/2025\/06\/wholesale-educational-elephant-stacking-toy-details-2-184x300.webp 184w, https:\/\/www.chengjitoy.com\/wp-content\/uploads\/2025\/06\/wholesale-educational-elephant-stacking-toy-details-2-768x1253.webp 768w, https:\/\/www.chengjitoy.com\/wp-content\/uploads\/2025\/06\/wholesale-educational-elephant-stacking-toy-details-2-600x979.webp 600w\" \/><\/figure>\n\n\n\n<figure class=\"wp-block-image size-full\"><img loading=\"lazy\" decoding=\"async\" width=\"770\" height=\"1611\" sizes=\"auto, (max-width: 770px) 100vw, 770px\" src=\"https:\/\/www.chengjitoy.com\/wp-content\/uploads\/2025\/06\/wholesale-educational-elephant-stacking-toy-details-3.webp\" alt=\"grossiste jouets \u00e9ducatifs \u00e0 empiler \u00e9l\u00e9phant d\u00e9tails (3)\" class=\"wp-image-726\" srcset=\"https:\/\/www.chengjitoy.com\/wp-content\/uploads\/2025\/06\/wholesale-educational-elephant-stacking-toy-details-3.webp 770w, https:\/\/www.chengjitoy.com\/wp-content\/uploads\/2025\/06\/wholesale-educational-elephant-stacking-toy-details-3-143x300.webp 143w, https:\/\/www.chengjitoy.com\/wp-content\/uploads\/2025\/06\/wholesale-educational-elephant-stacking-toy-details-3-768x1607.webp 768w, https:\/\/www.chengjitoy.com\/wp-content\/uploads\/2025\/06\/wholesale-educational-elephant-stacking-toy-details-3-600x1255.webp 600w\" \/><\/figure>\n\n\n\n<figure class=\"wp-block-image size-full\"><img loading=\"lazy\" decoding=\"async\" width=\"770\" height=\"1554\" sizes=\"auto, (max-width: 770px) 100vw, 770px\" src=\"https:\/\/www.chengjitoy.com\/wp-content\/uploads\/2025\/06\/wholesale-educational-elephant-stacking-toy-details-4.webp\" alt=\"grossiste jouets \u00e9ducatifs \u00e0 empiler \u00e9l\u00e9phant d\u00e9tails (4)\" class=\"wp-image-727\" srcset=\"https:\/\/www.chengjitoy.com\/wp-content\/uploads\/2025\/06\/wholesale-educational-elephant-stacking-toy-details-4.webp 770w, https:\/\/www.chengjitoy.com\/wp-content\/uploads\/2025\/06\/wholesale-educational-elephant-stacking-toy-details-4-149x300.webp 149w, https:\/\/www.chengjitoy.com\/wp-content\/uploads\/2025\/06\/wholesale-educational-elephant-stacking-toy-details-4-768x1550.webp 768w, https:\/\/www.chengjitoy.com\/wp-content\/uploads\/2025\/06\/wholesale-educational-elephant-stacking-toy-details-4-600x1211.webp 600w\" \/><\/figure>\n\n\n\n<figure class=\"wp-block-image size-full\"><img loading=\"lazy\" decoding=\"async\" width=\"770\" height=\"1525\" sizes=\"auto, (max-width: 770px) 100vw, 770px\" src=\"https:\/\/www.chengjitoy.com\/wp-content\/uploads\/2025\/06\/wholesale-educational-elephant-stacking-toy-details-5.webp\" alt=\"grossiste jouets \u00e9ducatifs \u00e0 empiler \u00e9l\u00e9phant d\u00e9tails (5)\" class=\"wp-image-728\" srcset=\"https:\/\/www.chengjitoy.com\/wp-content\/uploads\/2025\/06\/wholesale-educational-elephant-stacking-toy-details-5.webp 770w, https:\/\/www.chengjitoy.com\/wp-content\/uploads\/2025\/06\/wholesale-educational-elephant-stacking-toy-details-5-151x300.webp 151w, https:\/\/www.chengjitoy.com\/wp-content\/uploads\/2025\/06\/wholesale-educational-elephant-stacking-toy-details-5-768x1521.webp 768w, https:\/\/www.chengjitoy.com\/wp-content\/uploads\/2025\/06\/wholesale-educational-elephant-stacking-toy-details-5-600x1188.webp 600w\" \/><\/figure>\n\n\n\n<figure class=\"wp-block-image size-full\"><img loading=\"lazy\" decoding=\"async\" width=\"770\" height=\"1610\" sizes=\"auto, (max-width: 770px) 100vw, 770px\" src=\"https:\/\/www.chengjitoy.com\/wp-content\/uploads\/2025\/06\/wholesale-educational-elephant-stacking-toy-details-6.webp\" alt=\"grossiste jouets \u00e9ducatifs \u00e0 empiler \u00e9l\u00e9phant d\u00e9tails (6)\" class=\"wp-image-729\" srcset=\"https:\/\/www.chengjitoy.com\/wp-content\/uploads\/2025\/06\/wholesale-educational-elephant-stacking-toy-details-6.webp 770w, https:\/\/www.chengjitoy.com\/wp-content\/uploads\/2025\/06\/wholesale-educational-elephant-stacking-toy-details-6-143x300.webp 143w, https:\/\/www.chengjitoy.com\/wp-content\/uploads\/2025\/06\/wholesale-educational-elephant-stacking-toy-details-6-768x1606.webp 768w, https:\/\/www.chengjitoy.com\/wp-content\/uploads\/2025\/06\/wholesale-educational-elephant-stacking-toy-details-6-600x1255.webp 600w\" \/><\/figure>\n\n\n\n<figure class=\"wp-block-image size-full\"><img loading=\"lazy\" decoding=\"async\" width=\"770\" height=\"1597\" sizes=\"auto, (max-width: 770px) 100vw, 770px\" src=\"https:\/\/www.chengjitoy.com\/wp-content\/uploads\/2025\/06\/wholesale-educational-elephant-stacking-toy-details-7.webp\" alt=\"grossiste jouets \u00e9ducatifs \u00e0 empiler \u00e9l\u00e9phant d\u00e9tails (7)\" class=\"wp-image-730\" srcset=\"https:\/\/www.chengjitoy.com\/wp-content\/uploads\/2025\/06\/wholesale-educational-elephant-stacking-toy-details-7.webp 770w, https:\/\/www.chengjitoy.com\/wp-content\/uploads\/2025\/06\/wholesale-educational-elephant-stacking-toy-details-7-145x300.webp 145w, https:\/\/www.chengjitoy.com\/wp-content\/uploads\/2025\/06\/wholesale-educational-elephant-stacking-toy-details-7-768x1593.webp 768w, https:\/\/www.chengjitoy.com\/wp-content\/uploads\/2025\/06\/wholesale-educational-elephant-stacking-toy-details-7-600x1244.webp 600w\" \/><\/figure>\n\n\n\n<figure class=\"wp-block-image size-full\"><img loading=\"lazy\" decoding=\"async\" width=\"770\" height=\"1674\" sizes=\"auto, (max-width: 770px) 100vw, 770px\" src=\"https:\/\/www.chengjitoy.com\/wp-content\/uploads\/2025\/06\/wholesale-educational-elephant-stacking-toy-details-8.webp\" alt=\"grossiste jouets \u00e9ducatifs \u00e0 empiler \u00e9l\u00e9phant d\u00e9tails (8)\" class=\"wp-image-731\" srcset=\"https:\/\/www.chengjitoy.com\/wp-content\/uploads\/2025\/06\/wholesale-educational-elephant-stacking-toy-details-8.webp 770w, https:\/\/www.chengjitoy.com\/wp-content\/uploads\/2025\/06\/wholesale-educational-elephant-stacking-toy-details-8-138x300.webp 138w, https:\/\/www.chengjitoy.com\/wp-content\/uploads\/2025\/06\/wholesale-educational-elephant-stacking-toy-details-8-768x1670.webp 768w, https:\/\/www.chengjitoy.com\/wp-content\/uploads\/2025\/06\/wholesale-educational-elephant-stacking-toy-details-8-600x1304.webp 600w\" \/><\/figure>\n\n\n\n<figure class=\"wp-block-image size-full\"><img loading=\"lazy\" decoding=\"async\" width=\"770\" height=\"1429\" sizes=\"auto, (max-width: 770px) 100vw, 770px\" src=\"https:\/\/www.chengjitoy.com\/wp-content\/uploads\/2025\/06\/wholesale-educational-elephant-stacking-toy-details-9.webp\" alt=\"grossiste jouets \u00e9ducatifs \u00e0 empiler \u00e9l\u00e9phant d\u00e9tails (9)\" class=\"wp-image-732\" srcset=\"https:\/\/www.chengjitoy.com\/wp-content\/uploads\/2025\/06\/wholesale-educational-elephant-stacking-toy-details-9.webp 770w, https:\/\/www.chengjitoy.com\/wp-content\/uploads\/2025\/06\/wholesale-educational-elephant-stacking-toy-details-9-162x300.webp 162w, https:\/\/www.chengjitoy.com\/wp-content\/uploads\/2025\/06\/wholesale-educational-elephant-stacking-toy-details-9-768x1425.webp 768w, https:\/\/www.chengjitoy.com\/wp-content\/uploads\/2025\/06\/wholesale-educational-elephant-stacking-toy-details-9-600x1114.webp 600w\" \/><\/figure>\n\n\n\n<figure class=\"wp-block-image size-full\"><img loading=\"lazy\" decoding=\"async\" width=\"770\" height=\"1699\" sizes=\"auto, (max-width: 770px) 100vw, 770px\" src=\"https:\/\/www.chengjitoy.com\/wp-content\/uploads\/2025\/06\/wholesale-educational-elephant-stacking-toy-details-10.webp\" alt=\"grossiste jouets \u00e9ducatifs \u00e0 empiler \u00e9l\u00e9phant d\u00e9tails (10)\" class=\"wp-image-733\" srcset=\"https:\/\/www.chengjitoy.com\/wp-content\/uploads\/2025\/06\/wholesale-educational-elephant-stacking-toy-details-10.webp 770w, https:\/\/www.chengjitoy.com\/wp-content\/uploads\/2025\/06\/wholesale-educational-elephant-stacking-toy-details-10-136x300.webp 136w, https:\/\/www.chengjitoy.com\/wp-content\/uploads\/2025\/06\/wholesale-educational-elephant-stacking-toy-details-10-768x1695.webp 768w, https:\/\/www.chengjitoy.com\/wp-content\/uploads\/2025\/06\/wholesale-educational-elephant-stacking-toy-details-10-600x1324.webp 600w\" \/><\/figure>\n\n\n\n<figure class=\"wp-block-image size-full\"><img loading=\"lazy\" decoding=\"async\" width=\"770\" height=\"1948\" sizes=\"auto, (max-width: 770px) 100vw, 770px\" src=\"https:\/\/www.chengjitoy.com\/wp-content\/uploads\/2025\/06\/wholesale-educational-elephant-stacking-toy-details-11.webp\" alt=\"grossiste jouets \u00e9ducatifs \u00e0 empiler \u00e9l\u00e9phant d\u00e9tails (11)\" class=\"wp-image-734\" srcset=\"https:\/\/www.chengjitoy.com\/wp-content\/uploads\/2025\/06\/wholesale-educational-elephant-stacking-toy-details-11.webp 770w, https:\/\/www.chengjitoy.com\/wp-content\/uploads\/2025\/06\/wholesale-educational-elephant-stacking-toy-details-11-119x300.webp 119w, https:\/\/www.chengjitoy.com\/wp-content\/uploads\/2025\/06\/wholesale-educational-elephant-stacking-toy-details-11-768x1943.webp 768w, https:\/\/www.chengjitoy.com\/wp-content\/uploads\/2025\/06\/wholesale-educational-elephant-stacking-toy-details-11-600x1518.webp 600w\" \/><\/figure>\n\n\n\n<figure class=\"wp-block-image size-full\"><img loading=\"lazy\" decoding=\"async\" width=\"770\" height=\"1529\" sizes=\"auto, (max-width: 770px) 100vw, 770px\" src=\"https:\/\/www.chengjitoy.com\/wp-content\/uploads\/2025\/06\/wholesale-educational-elephant-stacking-toy-details-12.webp\" alt=\"grossiste jouets \u00e9ducatifs \u00e0 empiler \u00e9l\u00e9phant d\u00e9tails (12)\" class=\"wp-image-735\" srcset=\"https:\/\/www.chengjitoy.com\/wp-content\/uploads\/2025\/06\/wholesale-educational-elephant-stacking-toy-details-12.webp 770w, https:\/\/www.chengjitoy.com\/wp-content\/uploads\/2025\/06\/wholesale-educational-elephant-stacking-toy-details-12-151x300.webp 151w, https:\/\/www.chengjitoy.com\/wp-content\/uploads\/2025\/06\/wholesale-educational-elephant-stacking-toy-details-12-768x1525.webp 768w, https:\/\/www.chengjitoy.com\/wp-content\/uploads\/2025\/06\/wholesale-educational-elephant-stacking-toy-details-12-600x1191.webp 600w\" \/><\/figure>\n\n\n\n<figure class=\"wp-block-image size-full\"><img loading=\"lazy\" decoding=\"async\" width=\"770\" height=\"1255\" sizes=\"auto, (max-width: 770px) 100vw, 770px\" src=\"https:\/\/www.chengjitoy.com\/wp-content\/uploads\/2025\/06\/wholesale-educational-elephant-stacking-toy-details-13.webp\" alt=\"grossiste jouets \u00e9ducatifs \u00e0 empiler \u00e9l\u00e9phant d\u00e9tails (13)\" class=\"wp-image-736\" srcset=\"https:\/\/www.chengjitoy.com\/wp-content\/uploads\/2025\/06\/wholesale-educational-elephant-stacking-toy-details-13.webp 770w, https:\/\/www.chengjitoy.com\/wp-content\/uploads\/2025\/06\/wholesale-educational-elephant-stacking-toy-details-13-184x300.webp 184w, https:\/\/www.chengjitoy.com\/wp-content\/uploads\/2025\/06\/wholesale-educational-elephant-stacking-toy-details-13-768x1252.webp 768w, https:\/\/www.chengjitoy.com\/wp-content\/uploads\/2025\/06\/wholesale-educational-elephant-stacking-toy-details-13-600x978.webp 600w\" \/><\/figure>\n<\/div>\n\n\n\n<div class=\"wp-block-column is-layout-flow wp-block-column-is-layout-flow\" style=\"flex-basis:33.33%\"><\/div>\n<\/div>\n\n\n\n<p><\/p>","protected":false},"excerpt":{"rendered":"<p>Nos jouets \u00e9ducatifs \u00e0 empiler sont con\u00e7us pour promouvoir le d\u00e9veloppement de la petite enfance par le biais de jeux amusants et interactifs. Ce jouet est con\u00e7u avec des couleurs et des formes riches pour aider les enfants \u00e0 d\u00e9velopper la reconnaissance des formes, la reconnaissance des couleurs, la conscience spatiale et les comp\u00e9tences de pens\u00e9e logique. Convient aux jardins d'enfants, aux d\u00e9taillants de jouets et aux fournisseurs de mat\u00e9riel \u00e9ducatif. N'h\u00e9sitez pas \u00e0 nous contacter pour obtenir un devis.<\/p>\n<h2>Sp\u00e9cifications du jouet \u00e9ducatif \u00e0 empiler les \u00e9l\u00e9phants<\/h2>\n<table style=\"border-collapse: collapse; width: 343.52pt;\" border=\"0\" width=\"458\" cellspacing=\"0\" cellpadding=\"0\">\n<tbody>\n<tr style=\"height: 19.50pt;\">\n<td class=\"et2\" style=\"height: 19.50pt; width: 133.75pt;\" width=\"178\" height=\"26\">Num\u00e9ro d'article :<\/td>\n<td class=\"et3\" style=\"width: 210.00pt;\" width=\"280\">CJ-4894355<\/td>\n<\/tr>\n<tr style=\"height: 20.25pt;\">\n<td class=\"et4\" style=\"height: 20.25pt; width: 133.75pt;\" width=\"178\" height=\"27\">Paquet :<\/td>\n<td class=\"et5\" style=\"width: 210.00pt;\" width=\"280\">bo\u00eete \u00e0 couleurs<\/td>\n<\/tr>\n<tr style=\"height: 19.50pt;\">\n<td class=\"et4\" style=\"height: 19.50pt; width: 133.75pt;\" width=\"178\" height=\"26\">Taille de l'emballage :<\/td>\n<td class=\"et5\" style=\"width: 210.00pt;\" width=\"280\">31,3\u00d716,3\u00d715,8 cm<\/td>\n<\/tr>\n<tr style=\"height: 19.50pt;\">\n<td class=\"et4\" style=\"height: 19.50pt; width: 133.75pt;\" width=\"178\" height=\"26\">Taille du carton\uff1a<\/td>\n<td class=\"et5\" style=\"width: 210.00pt;\" width=\"280\">67\u00d750,5\u00d766,5 cm<\/td>\n<\/tr>\n<tr style=\"height: 20.25pt;\">\n<td class=\"et4\" style=\"height: 20.25pt; width: 133.75pt;\" width=\"178\" height=\"27\">Qt\u00e9\/Ctn :<\/td>\n<td class=\"et5\" style=\"width: 210.00pt;\" width=\"280\">24 pi\u00e8ces<\/td>\n<\/tr>\n<tr style=\"height: 19.50pt;\">\n<td class=\"et4\" style=\"height: 19.50pt; width: 133.75pt;\" width=\"178\" height=\"26\">G.W.\/N.W. :<\/td>\n<td class=\"et5\" style=\"width: 210.00pt;\" width=\"280\">17,7 \/ 15,4 kg<\/td>\n<\/tr>\n<tr style=\"height: 20.25pt;\">\n<td class=\"et4\" style=\"height: 20.25pt; width: 133.75pt;\" width=\"178\" height=\"27\">Mesure :<\/td>\n<td class=\"et5\" style=\"width: 210.00pt;\" width=\"280\">0,23 cbm \/ 7,94 cuft<\/td>\n<\/tr>\n<\/tbody>\n<\/table>","protected":false},"featured_media":716,"comment_status":"closed","ping_status":"closed","template":"","meta":{"_acf_changed":false},"product_brand":[],"product_cat":[26,30,24,46],"product_tag":[],"class_list":{"0":"post-715","1":"product","2":"type-product","3":"status-publish","4":"has-post-thumbnail","6":"product_cat-wholesale-toys-for-all-ages","7":"product_cat-wholesale-toys-for-ages-3-and-up","8":"product_cat-wholesale-educational-toys","9":"product_cat-wholesale-other-educational-toys","11":"first","12":"instock","13":"shipping-taxable","14":"product-type-simple"},"acf":[],"_links":{"self":[{"href":"https:\/\/www.chengjitoy.com\/fr\/wp-json\/wp\/v2\/product\/715","targetHints":{"allow":["GET"]}}],"collection":[{"href":"https:\/\/www.chengjitoy.com\/fr\/wp-json\/wp\/v2\/product"}],"about":[{"href":"https:\/\/www.chengjitoy.com\/fr\/wp-json\/wp\/v2\/types\/product"}],"replies":[{"embeddable":true,"href":"https:\/\/www.chengjitoy.com\/fr\/wp-json\/wp\/v2\/comments?post=715"}],"wp:featuredmedia":[{"embeddable":true,"href":"https:\/\/www.chengjitoy.com\/fr\/wp-json\/wp\/v2\/media\/716"}],"wp:attachment":[{"href":"https:\/\/www.chengjitoy.com\/fr\/wp-json\/wp\/v2\/media?parent=715"}],"wp:term":[{"taxonomy":"product_brand","embeddable":true,"href":"https:\/\/www.chengjitoy.com\/fr\/wp-json\/wp\/v2\/product_brand?post=715"},{"taxonomy":"product_cat","embeddable":true,"href":"https:\/\/www.chengjitoy.com\/fr\/wp-json\/wp\/v2\/product_cat?post=715"},{"taxonomy":"product_tag","embeddable":true,"href":"https:\/\/www.chengjitoy.com\/fr\/wp-json\/wp\/v2\/product_tag?post=715"}],"curies":[{"name":"wp","href":"https:\/\/api.w.org\/{rel}","templated":true}]}}