{"id":756,"date":"2025-06-18T01:35:55","date_gmt":"2025-06-18T01:35:55","guid":{"rendered":"https:\/\/www.chengjitoy.com\/?post_type=product&#038;p=756"},"modified":"2025-06-30T00:53:10","modified_gmt":"2025-06-30T00:53:10","slug":"wholesale-baby-playmat-cj3922820","status":"publish","type":"product","link":"https:\/\/www.chengjitoy.com\/fr\/product\/wholesale-baby-playmat-cj3922820\/","title":{"rendered":"Tapis d'\u00e9veil pour b\u00e9b\u00e9 en gros pour un d\u00e9veloppement sensoriel et des jeux en toute s\u00e9curit\u00e9"},"content":{"rendered":"<div class=\"wp-block-columns is-layout-flex wp-container-core-columns-is-layout-9d6595d7 wp-block-columns-is-layout-flex\">\n<div class=\"wp-block-column is-layout-flow wp-block-column-is-layout-flow\" style=\"flex-basis:66.66%\">\n<figure class=\"wp-block-image size-full\"><img loading=\"lazy\" decoding=\"async\" width=\"770\" height=\"940\" sizes=\"auto, (max-width: 770px) 100vw, 770px\" src=\"https:\/\/www.chengjitoy.com\/wp-content\/uploads\/2025\/06\/details-of-baby-playmat-CJ-3922820-1.webp\" alt=\"details-of-baby-playmat-CJ-3922820 (1)\" class=\"wp-image-763\" srcset=\"https:\/\/www.chengjitoy.com\/wp-content\/uploads\/2025\/06\/details-of-baby-playmat-CJ-3922820-1.webp 770w, https:\/\/www.chengjitoy.com\/wp-content\/uploads\/2025\/06\/details-of-baby-playmat-CJ-3922820-1-246x300.webp 246w, https:\/\/www.chengjitoy.com\/wp-content\/uploads\/2025\/06\/details-of-baby-playmat-CJ-3922820-1-768x938.webp 768w, https:\/\/www.chengjitoy.com\/wp-content\/uploads\/2025\/06\/details-of-baby-playmat-CJ-3922820-1-600x732.webp 600w\" \/><\/figure>\n\n\n\n<figure class=\"wp-block-image size-full\"><img loading=\"lazy\" decoding=\"async\" width=\"770\" height=\"2346\" sizes=\"auto, (max-width: 770px) 100vw, 770px\" src=\"https:\/\/www.chengjitoy.com\/wp-content\/uploads\/2025\/06\/details-of-baby-playmat-CJ-3922820-2.webp\" alt=\"details-of-baby-playmat-CJ-3922820 (2)\" class=\"wp-image-764\" srcset=\"https:\/\/www.chengjitoy.com\/wp-content\/uploads\/2025\/06\/details-of-baby-playmat-CJ-3922820-2.webp 770w, https:\/\/www.chengjitoy.com\/wp-content\/uploads\/2025\/06\/details-of-baby-playmat-CJ-3922820-2-98x300.webp 98w, https:\/\/www.chengjitoy.com\/wp-content\/uploads\/2025\/06\/details-of-baby-playmat-CJ-3922820-2-768x2340.webp 768w, https:\/\/www.chengjitoy.com\/wp-content\/uploads\/2025\/06\/details-of-baby-playmat-CJ-3922820-2-600x1828.webp 600w\" \/><\/figure>\n\n\n\n<figure class=\"wp-block-image size-full\"><img loading=\"lazy\" decoding=\"async\" width=\"770\" height=\"1180\" sizes=\"auto, (max-width: 770px) 100vw, 770px\" src=\"https:\/\/www.chengjitoy.com\/wp-content\/uploads\/2025\/06\/details-of-baby-playmat-CJ-3922820-3.webp\" alt=\"details-of-baby-playmat-CJ-3922820 (3)\" class=\"wp-image-765\" srcset=\"https:\/\/www.chengjitoy.com\/wp-content\/uploads\/2025\/06\/details-of-baby-playmat-CJ-3922820-3.webp 770w, https:\/\/www.chengjitoy.com\/wp-content\/uploads\/2025\/06\/details-of-baby-playmat-CJ-3922820-3-196x300.webp 196w, https:\/\/www.chengjitoy.com\/wp-content\/uploads\/2025\/06\/details-of-baby-playmat-CJ-3922820-3-768x1177.webp 768w, https:\/\/www.chengjitoy.com\/wp-content\/uploads\/2025\/06\/details-of-baby-playmat-CJ-3922820-3-600x919.webp 600w\" \/><\/figure>\n\n\n\n<figure class=\"wp-block-image size-full\"><img loading=\"lazy\" decoding=\"async\" width=\"770\" height=\"1407\" sizes=\"auto, (max-width: 770px) 100vw, 770px\" src=\"https:\/\/www.chengjitoy.com\/wp-content\/uploads\/2025\/06\/details-of-baby-playmat-CJ-3922820-4.webp\" alt=\"details-of-baby-playmat-CJ-3922820 (4)\" class=\"wp-image-766\" srcset=\"https:\/\/www.chengjitoy.com\/wp-content\/uploads\/2025\/06\/details-of-baby-playmat-CJ-3922820-4.webp 770w, https:\/\/www.chengjitoy.com\/wp-content\/uploads\/2025\/06\/details-of-baby-playmat-CJ-3922820-4-164x300.webp 164w, https:\/\/www.chengjitoy.com\/wp-content\/uploads\/2025\/06\/details-of-baby-playmat-CJ-3922820-4-768x1403.webp 768w, https:\/\/www.chengjitoy.com\/wp-content\/uploads\/2025\/06\/details-of-baby-playmat-CJ-3922820-4-600x1096.webp 600w\" \/><\/figure>\n\n\n\n<figure class=\"wp-block-image size-full\"><img loading=\"lazy\" decoding=\"async\" width=\"770\" height=\"1438\" sizes=\"auto, (max-width: 770px) 100vw, 770px\" src=\"https:\/\/www.chengjitoy.com\/wp-content\/uploads\/2025\/06\/details-of-baby-playmat-CJ-3922820-5.webp\" alt=\"details-of-baby-playmat-CJ-3922820 (5)\" class=\"wp-image-767\" srcset=\"https:\/\/www.chengjitoy.com\/wp-content\/uploads\/2025\/06\/details-of-baby-playmat-CJ-3922820-5.webp 770w, https:\/\/www.chengjitoy.com\/wp-content\/uploads\/2025\/06\/details-of-baby-playmat-CJ-3922820-5-161x300.webp 161w, https:\/\/www.chengjitoy.com\/wp-content\/uploads\/2025\/06\/details-of-baby-playmat-CJ-3922820-5-768x1434.webp 768w, https:\/\/www.chengjitoy.com\/wp-content\/uploads\/2025\/06\/details-of-baby-playmat-CJ-3922820-5-600x1121.webp 600w\" \/><\/figure>\n\n\n\n<figure class=\"wp-block-image size-full\"><img loading=\"lazy\" decoding=\"async\" width=\"770\" height=\"726\" sizes=\"auto, (max-width: 770px) 100vw, 770px\" src=\"https:\/\/www.chengjitoy.com\/wp-content\/uploads\/2025\/06\/details-of-baby-playmat-CJ-3922820-6.webp\" alt=\"details-of-baby-playmat-CJ-3922820 (6)\" class=\"wp-image-768\" srcset=\"https:\/\/www.chengjitoy.com\/wp-content\/uploads\/2025\/06\/details-of-baby-playmat-CJ-3922820-6.webp 770w, https:\/\/www.chengjitoy.com\/wp-content\/uploads\/2025\/06\/details-of-baby-playmat-CJ-3922820-6-300x283.webp 300w, https:\/\/www.chengjitoy.com\/wp-content\/uploads\/2025\/06\/details-of-baby-playmat-CJ-3922820-6-768x724.webp 768w, https:\/\/www.chengjitoy.com\/wp-content\/uploads\/2025\/06\/details-of-baby-playmat-CJ-3922820-6-600x566.webp 600w\" \/><\/figure>\n\n\n\n<figure class=\"wp-block-image size-full\"><img loading=\"lazy\" decoding=\"async\" width=\"770\" height=\"1533\" sizes=\"auto, (max-width: 770px) 100vw, 770px\" src=\"https:\/\/www.chengjitoy.com\/wp-content\/uploads\/2025\/06\/details-of-baby-playmat-CJ-3922820-7.webp\" alt=\"details-of-baby-playmat-CJ-3922820 (7)\" class=\"wp-image-769\" srcset=\"https:\/\/www.chengjitoy.com\/wp-content\/uploads\/2025\/06\/details-of-baby-playmat-CJ-3922820-7.webp 770w, https:\/\/www.chengjitoy.com\/wp-content\/uploads\/2025\/06\/details-of-baby-playmat-CJ-3922820-7-151x300.webp 151w, https:\/\/www.chengjitoy.com\/wp-content\/uploads\/2025\/06\/details-of-baby-playmat-CJ-3922820-7-768x1529.webp 768w, https:\/\/www.chengjitoy.com\/wp-content\/uploads\/2025\/06\/details-of-baby-playmat-CJ-3922820-7-600x1195.webp 600w\" \/><\/figure>\n<\/div>\n\n\n\n<div class=\"wp-block-column is-layout-flow wp-block-column-is-layout-flow\" style=\"flex-basis:33.33%\"><\/div>\n<\/div>","protected":false},"excerpt":{"rendered":"<p>Tapis d'\u00e9veil pour b\u00e9b\u00e9s en gros, favorisant le d\u00e9veloppement sensoriel pr\u00e9coce et la motricit\u00e9 des b\u00e9b\u00e9s \u00e2g\u00e9s de 0 \u00e0 24 mois. Chaque tapis d'\u00e9veil est \u00e9quip\u00e9 de jouets color\u00e9s \u00e0 suspendre, ce qui permet aux b\u00e9b\u00e9s de s'amuser davantage. Fabriqu\u00e9 \u00e0 partir de mat\u00e9riaux respectueux de l'environnement, sans poly-PAHS ni BPA, il accompagne la croissance saine des enfants. Chengji fournit un soutien important aux distributeurs mondiaux, aux d\u00e9taillants et aux marques de produits pour b\u00e9b\u00e9s, n'h\u00e9sitez pas \u00e0 nous contacter.<\/p>\n<h2>Sp\u00e9cifications du tapis de jeu pour b\u00e9b\u00e9 CJ-3922820<\/h2>\n<table style=\"border-collapse: collapse; width: 343.52pt;\" border=\"0\" width=\"458\" cellspacing=\"0\" cellpadding=\"0\">\n<tbody>\n<tr style=\"height: 19.50pt;\">\n<td class=\"et3\" style=\"height: 19.50pt; width: 133.75pt;\" width=\"178\" height=\"26\">Num\u00e9ro d'article :<\/td>\n<td class=\"et4\" style=\"width: 210.00pt;\" width=\"280\">CJ-3922820<\/td>\n<\/tr>\n<tr style=\"height: 20.25pt;\">\n<td class=\"et5\" style=\"height: 20.25pt; width: 133.75pt;\" width=\"178\" height=\"27\">Paquet :<\/td>\n<td class=\"et6\" style=\"width: 210.00pt;\" width=\"280\">bo\u00eete \u00e0 couleurs<\/td>\n<\/tr>\n<tr style=\"height: 19.50pt;\">\n<td class=\"et5\" style=\"height: 19.50pt; width: 133.75pt;\" width=\"178\" height=\"26\">Taille de l'emballage :<\/td>\n<td class=\"et6\" style=\"width: 210.00pt;\" width=\"280\">43\u00d718\u00d734 cm<\/td>\n<\/tr>\n<tr style=\"height: 20.25pt;\">\n<td class=\"et5\" style=\"height: 20.25pt; width: 133.75pt;\" width=\"178\" height=\"27\">Taille du carton\uff1a<\/td>\n<td class=\"et6\" style=\"width: 210.00pt;\" width=\"280\">76,5\u00d747\u00d771 cm<\/td>\n<\/tr>\n<tr style=\"height: 19.50pt;\">\n<td class=\"et5\" style=\"height: 19.50pt; width: 133.75pt;\" width=\"178\" height=\"26\">Qt\u00e9\/Ctn :<\/td>\n<td class=\"et6\" style=\"width: 210.00pt;\" width=\"280\">8 pi\u00e8ces<\/td>\n<\/tr>\n<tr style=\"height: 20.25pt;\">\n<td class=\"et5\" style=\"height: 20.25pt; width: 133.75pt;\" width=\"178\" height=\"27\">G.W.\/N.W. :<\/td>\n<td class=\"et6\" style=\"width: 210.00pt;\" width=\"280\">12,2 \/ 10,2 kg<\/td>\n<\/tr>\n<tr style=\"height: 19.50pt;\">\n<td class=\"et5\" style=\"height: 19.50pt; width: 133.75pt;\" width=\"178\" height=\"26\">Mesure :<\/td>\n<td class=\"et6\" style=\"width: 210.00pt;\" width=\"280\">0,26 cbm \/ 9,01 cuft<\/td>\n<\/tr>\n<\/tbody>\n<\/table>","protected":false},"featured_media":757,"comment_status":"closed","ping_status":"closed","template":"","meta":{"_acf_changed":false},"product_brand":[],"product_cat":[26,29,25,47],"product_tag":[],"class_list":{"0":"post-756","1":"product","2":"type-product","3":"status-publish","4":"has-post-thumbnail","6":"product_cat-wholesale-toys-for-all-ages","7":"product_cat-wholesale-toys-for-0-24-months","8":"product_cat-wholesale-baby-toys","9":"product_cat-wholesale-baby-beds-and-playmats","11":"first","12":"instock","13":"shipping-taxable","14":"product-type-simple"},"acf":[],"_links":{"self":[{"href":"https:\/\/www.chengjitoy.com\/fr\/wp-json\/wp\/v2\/product\/756","targetHints":{"allow":["GET"]}}],"collection":[{"href":"https:\/\/www.chengjitoy.com\/fr\/wp-json\/wp\/v2\/product"}],"about":[{"href":"https:\/\/www.chengjitoy.com\/fr\/wp-json\/wp\/v2\/types\/product"}],"replies":[{"embeddable":true,"href":"https:\/\/www.chengjitoy.com\/fr\/wp-json\/wp\/v2\/comments?post=756"}],"wp:featuredmedia":[{"embeddable":true,"href":"https:\/\/www.chengjitoy.com\/fr\/wp-json\/wp\/v2\/media\/757"}],"wp:attachment":[{"href":"https:\/\/www.chengjitoy.com\/fr\/wp-json\/wp\/v2\/media?parent=756"}],"wp:term":[{"taxonomy":"product_brand","embeddable":true,"href":"https:\/\/www.chengjitoy.com\/fr\/wp-json\/wp\/v2\/product_brand?post=756"},{"taxonomy":"product_cat","embeddable":true,"href":"https:\/\/www.chengjitoy.com\/fr\/wp-json\/wp\/v2\/product_cat?post=756"},{"taxonomy":"product_tag","embeddable":true,"href":"https:\/\/www.chengjitoy.com\/fr\/wp-json\/wp\/v2\/product_tag?post=756"}],"curies":[{"name":"wp","href":"https:\/\/api.w.org\/{rel}","templated":true}]}}