{"id":7749,"date":"2026-01-05T10:17:37","date_gmt":"2026-01-05T10:17:37","guid":{"rendered":"https:\/\/www.chengjitoy.com\/?post_type=product&#038;p=7749"},"modified":"2026-01-05T10:17:37","modified_gmt":"2026-01-05T10:17:37","slug":"wholesale-rc-smart-dog-toy","status":"publish","type":"product","link":"https:\/\/www.chengjitoy.com\/fr\/product\/wholesale-rc-smart-dog-toy\/","title":{"rendered":"Jouet intelligent RC pour enfants en gros \u2013 Jouets robots personnalis\u00e9s"},"content":{"rendered":"<div class=\"wp-block-columns is-layout-flex wp-container-core-columns-is-layout-9d6595d7 wp-block-columns-is-layout-flex\">\n<div class=\"wp-block-column is-layout-flow wp-block-column-is-layout-flow\" style=\"flex-basis:66.66%\">\n<figure class=\"wp-block-image size-full\"><img loading=\"lazy\" decoding=\"async\" width=\"770\" height=\"1256\" sizes=\"auto, (max-width: 770px) 100vw, 770px\" src=\"https:\/\/www.chengjitoy.com\/wp-content\/uploads\/2025\/12\/details-of-Remote-control-smart-dog-1.webp\" alt=\"\" class=\"wp-image-7754\" srcset=\"https:\/\/www.chengjitoy.com\/wp-content\/uploads\/2025\/12\/details-of-Remote-control-smart-dog-1.webp 770w, https:\/\/www.chengjitoy.com\/wp-content\/uploads\/2025\/12\/details-of-Remote-control-smart-dog-1-184x300.webp 184w, https:\/\/www.chengjitoy.com\/wp-content\/uploads\/2025\/12\/details-of-Remote-control-smart-dog-1-768x1253.webp 768w, https:\/\/www.chengjitoy.com\/wp-content\/uploads\/2025\/12\/details-of-Remote-control-smart-dog-1-7x12.webp 7w, https:\/\/www.chengjitoy.com\/wp-content\/uploads\/2025\/12\/details-of-Remote-control-smart-dog-1-600x979.webp 600w\" \/><\/figure>\n\n\n\n<figure class=\"wp-block-image size-full\"><img loading=\"lazy\" decoding=\"async\" width=\"770\" height=\"448\" sizes=\"auto, (max-width: 770px) 100vw, 770px\" src=\"https:\/\/www.chengjitoy.com\/wp-content\/uploads\/2025\/12\/details-of-Remote-control-smart-dog-2.webp\" alt=\"\" class=\"wp-image-7755\" srcset=\"https:\/\/www.chengjitoy.com\/wp-content\/uploads\/2025\/12\/details-of-Remote-control-smart-dog-2.webp 770w, https:\/\/www.chengjitoy.com\/wp-content\/uploads\/2025\/12\/details-of-Remote-control-smart-dog-2-300x175.webp 300w, https:\/\/www.chengjitoy.com\/wp-content\/uploads\/2025\/12\/details-of-Remote-control-smart-dog-2-768x447.webp 768w, https:\/\/www.chengjitoy.com\/wp-content\/uploads\/2025\/12\/details-of-Remote-control-smart-dog-2-18x10.webp 18w, https:\/\/www.chengjitoy.com\/wp-content\/uploads\/2025\/12\/details-of-Remote-control-smart-dog-2-600x349.webp 600w\" \/><\/figure>\n\n\n\n<figure class=\"wp-block-image size-full\"><img loading=\"lazy\" decoding=\"async\" width=\"770\" height=\"1141\" sizes=\"auto, (max-width: 770px) 100vw, 770px\" src=\"https:\/\/www.chengjitoy.com\/wp-content\/uploads\/2025\/12\/details-of-Remote-control-smart-dog-3.webp\" alt=\"\" class=\"wp-image-7756\" srcset=\"https:\/\/www.chengjitoy.com\/wp-content\/uploads\/2025\/12\/details-of-Remote-control-smart-dog-3.webp 770w, https:\/\/www.chengjitoy.com\/wp-content\/uploads\/2025\/12\/details-of-Remote-control-smart-dog-3-202x300.webp 202w, https:\/\/www.chengjitoy.com\/wp-content\/uploads\/2025\/12\/details-of-Remote-control-smart-dog-3-768x1138.webp 768w, https:\/\/www.chengjitoy.com\/wp-content\/uploads\/2025\/12\/details-of-Remote-control-smart-dog-3-8x12.webp 8w, https:\/\/www.chengjitoy.com\/wp-content\/uploads\/2025\/12\/details-of-Remote-control-smart-dog-3-600x889.webp 600w\" \/><\/figure>\n\n\n\n<figure class=\"wp-block-image size-full\"><img loading=\"lazy\" decoding=\"async\" width=\"770\" height=\"1317\" sizes=\"auto, (max-width: 770px) 100vw, 770px\" src=\"https:\/\/www.chengjitoy.com\/wp-content\/uploads\/2025\/12\/details-of-Remote-control-smart-dog-4.webp\" alt=\"\" class=\"wp-image-7757\" srcset=\"https:\/\/www.chengjitoy.com\/wp-content\/uploads\/2025\/12\/details-of-Remote-control-smart-dog-4.webp 770w, https:\/\/www.chengjitoy.com\/wp-content\/uploads\/2025\/12\/details-of-Remote-control-smart-dog-4-175x300.webp 175w, https:\/\/www.chengjitoy.com\/wp-content\/uploads\/2025\/12\/details-of-Remote-control-smart-dog-4-768x1314.webp 768w, https:\/\/www.chengjitoy.com\/wp-content\/uploads\/2025\/12\/details-of-Remote-control-smart-dog-4-7x12.webp 7w, https:\/\/www.chengjitoy.com\/wp-content\/uploads\/2025\/12\/details-of-Remote-control-smart-dog-4-600x1026.webp 600w\" \/><\/figure>\n\n\n\n<figure class=\"wp-block-image size-full\"><img loading=\"lazy\" decoding=\"async\" width=\"770\" height=\"1725\" sizes=\"auto, (max-width: 770px) 100vw, 770px\" src=\"https:\/\/www.chengjitoy.com\/wp-content\/uploads\/2025\/12\/details-of-Remote-control-smart-dog-5.webp\" alt=\"\" class=\"wp-image-7758\" srcset=\"https:\/\/www.chengjitoy.com\/wp-content\/uploads\/2025\/12\/details-of-Remote-control-smart-dog-5.webp 770w, https:\/\/www.chengjitoy.com\/wp-content\/uploads\/2025\/12\/details-of-Remote-control-smart-dog-5-134x300.webp 134w, https:\/\/www.chengjitoy.com\/wp-content\/uploads\/2025\/12\/details-of-Remote-control-smart-dog-5-768x1721.webp 768w, https:\/\/www.chengjitoy.com\/wp-content\/uploads\/2025\/12\/details-of-Remote-control-smart-dog-5-5x12.webp 5w, https:\/\/www.chengjitoy.com\/wp-content\/uploads\/2025\/12\/details-of-Remote-control-smart-dog-5-600x1344.webp 600w\" \/><\/figure>\n\n\n\n<figure class=\"wp-block-image size-full\"><img loading=\"lazy\" decoding=\"async\" width=\"770\" height=\"1401\" sizes=\"auto, (max-width: 770px) 100vw, 770px\" src=\"https:\/\/www.chengjitoy.com\/wp-content\/uploads\/2025\/12\/details-of-Remote-control-smart-dog-6.webp\" alt=\"\" class=\"wp-image-7759\" srcset=\"https:\/\/www.chengjitoy.com\/wp-content\/uploads\/2025\/12\/details-of-Remote-control-smart-dog-6.webp 770w, https:\/\/www.chengjitoy.com\/wp-content\/uploads\/2025\/12\/details-of-Remote-control-smart-dog-6-165x300.webp 165w, https:\/\/www.chengjitoy.com\/wp-content\/uploads\/2025\/12\/details-of-Remote-control-smart-dog-6-768x1397.webp 768w, https:\/\/www.chengjitoy.com\/wp-content\/uploads\/2025\/12\/details-of-Remote-control-smart-dog-6-7x12.webp 7w, https:\/\/www.chengjitoy.com\/wp-content\/uploads\/2025\/12\/details-of-Remote-control-smart-dog-6-600x1092.webp 600w\" \/><\/figure>\n\n\n\n<figure class=\"wp-block-image size-full\"><img loading=\"lazy\" decoding=\"async\" width=\"770\" height=\"1218\" sizes=\"auto, (max-width: 770px) 100vw, 770px\" src=\"https:\/\/www.chengjitoy.com\/wp-content\/uploads\/2025\/12\/details-of-Remote-control-smart-dog-7.webp\" alt=\"\" class=\"wp-image-7760\" srcset=\"https:\/\/www.chengjitoy.com\/wp-content\/uploads\/2025\/12\/details-of-Remote-control-smart-dog-7.webp 770w, https:\/\/www.chengjitoy.com\/wp-content\/uploads\/2025\/12\/details-of-Remote-control-smart-dog-7-190x300.webp 190w, https:\/\/www.chengjitoy.com\/wp-content\/uploads\/2025\/12\/details-of-Remote-control-smart-dog-7-768x1215.webp 768w, https:\/\/www.chengjitoy.com\/wp-content\/uploads\/2025\/12\/details-of-Remote-control-smart-dog-7-8x12.webp 8w, https:\/\/www.chengjitoy.com\/wp-content\/uploads\/2025\/12\/details-of-Remote-control-smart-dog-7-600x949.webp 600w\" \/><\/figure>\n\n\n\n<figure class=\"wp-block-image size-full\"><img loading=\"lazy\" decoding=\"async\" width=\"770\" height=\"1138\" sizes=\"auto, (max-width: 770px) 100vw, 770px\" src=\"https:\/\/www.chengjitoy.com\/wp-content\/uploads\/2025\/12\/details-of-Remote-control-smart-dog-8.webp\" alt=\"\" class=\"wp-image-7761\" srcset=\"https:\/\/www.chengjitoy.com\/wp-content\/uploads\/2025\/12\/details-of-Remote-control-smart-dog-8.webp 770w, https:\/\/www.chengjitoy.com\/wp-content\/uploads\/2025\/12\/details-of-Remote-control-smart-dog-8-203x300.webp 203w, https:\/\/www.chengjitoy.com\/wp-content\/uploads\/2025\/12\/details-of-Remote-control-smart-dog-8-768x1135.webp 768w, https:\/\/www.chengjitoy.com\/wp-content\/uploads\/2025\/12\/details-of-Remote-control-smart-dog-8-8x12.webp 8w, https:\/\/www.chengjitoy.com\/wp-content\/uploads\/2025\/12\/details-of-Remote-control-smart-dog-8-600x887.webp 600w\" \/><\/figure>\n\n\n\n<figure class=\"wp-block-image size-full\"><img loading=\"lazy\" decoding=\"async\" width=\"770\" height=\"1320\" sizes=\"auto, (max-width: 770px) 100vw, 770px\" src=\"https:\/\/www.chengjitoy.com\/wp-content\/uploads\/2025\/12\/details-of-Remote-control-smart-dog-9.webp\" alt=\"\" class=\"wp-image-7762\" srcset=\"https:\/\/www.chengjitoy.com\/wp-content\/uploads\/2025\/12\/details-of-Remote-control-smart-dog-9.webp 770w, https:\/\/www.chengjitoy.com\/wp-content\/uploads\/2025\/12\/details-of-Remote-control-smart-dog-9-175x300.webp 175w, https:\/\/www.chengjitoy.com\/wp-content\/uploads\/2025\/12\/details-of-Remote-control-smart-dog-9-768x1317.webp 768w, https:\/\/www.chengjitoy.com\/wp-content\/uploads\/2025\/12\/details-of-Remote-control-smart-dog-9-7x12.webp 7w, https:\/\/www.chengjitoy.com\/wp-content\/uploads\/2025\/12\/details-of-Remote-control-smart-dog-9-600x1029.webp 600w\" \/><\/figure>\n\n\n\n<figure class=\"wp-block-image size-full\"><img loading=\"lazy\" decoding=\"async\" width=\"770\" height=\"1370\" sizes=\"auto, (max-width: 770px) 100vw, 770px\" src=\"https:\/\/www.chengjitoy.com\/wp-content\/uploads\/2025\/12\/details-of-Remote-control-smart-dog-10.webp\" alt=\"\" class=\"wp-image-7763\" srcset=\"https:\/\/www.chengjitoy.com\/wp-content\/uploads\/2025\/12\/details-of-Remote-control-smart-dog-10.webp 770w, https:\/\/www.chengjitoy.com\/wp-content\/uploads\/2025\/12\/details-of-Remote-control-smart-dog-10-169x300.webp 169w, https:\/\/www.chengjitoy.com\/wp-content\/uploads\/2025\/12\/details-of-Remote-control-smart-dog-10-768x1366.webp 768w, https:\/\/www.chengjitoy.com\/wp-content\/uploads\/2025\/12\/details-of-Remote-control-smart-dog-10-7x12.webp 7w, https:\/\/www.chengjitoy.com\/wp-content\/uploads\/2025\/12\/details-of-Remote-control-smart-dog-10-600x1068.webp 600w\" \/><\/figure>\n\n\n\n<figure class=\"wp-block-image size-full\"><img loading=\"lazy\" decoding=\"async\" width=\"770\" height=\"749\" sizes=\"auto, (max-width: 770px) 100vw, 770px\" src=\"https:\/\/www.chengjitoy.com\/wp-content\/uploads\/2025\/12\/details-of-Remote-control-smart-dog-11.webp\" alt=\"\" class=\"wp-image-7764\" srcset=\"https:\/\/www.chengjitoy.com\/wp-content\/uploads\/2025\/12\/details-of-Remote-control-smart-dog-11.webp 770w, https:\/\/www.chengjitoy.com\/wp-content\/uploads\/2025\/12\/details-of-Remote-control-smart-dog-11-300x292.webp 300w, https:\/\/www.chengjitoy.com\/wp-content\/uploads\/2025\/12\/details-of-Remote-control-smart-dog-11-768x747.webp 768w, https:\/\/www.chengjitoy.com\/wp-content\/uploads\/2025\/12\/details-of-Remote-control-smart-dog-11-12x12.webp 12w, https:\/\/www.chengjitoy.com\/wp-content\/uploads\/2025\/12\/details-of-Remote-control-smart-dog-11-600x584.webp 600w\" \/><\/figure>\n\n\n\n<figure class=\"wp-block-image size-full\"><img loading=\"lazy\" decoding=\"async\" width=\"770\" height=\"1643\" sizes=\"auto, (max-width: 770px) 100vw, 770px\" src=\"https:\/\/www.chengjitoy.com\/wp-content\/uploads\/2025\/12\/details-of-Remote-control-smart-dog-12.webp\" alt=\"\" class=\"wp-image-7765\" srcset=\"https:\/\/www.chengjitoy.com\/wp-content\/uploads\/2025\/12\/details-of-Remote-control-smart-dog-12.webp 770w, https:\/\/www.chengjitoy.com\/wp-content\/uploads\/2025\/12\/details-of-Remote-control-smart-dog-12-141x300.webp 141w, https:\/\/www.chengjitoy.com\/wp-content\/uploads\/2025\/12\/details-of-Remote-control-smart-dog-12-768x1639.webp 768w, https:\/\/www.chengjitoy.com\/wp-content\/uploads\/2025\/12\/details-of-Remote-control-smart-dog-12-6x12.webp 6w, https:\/\/www.chengjitoy.com\/wp-content\/uploads\/2025\/12\/details-of-Remote-control-smart-dog-12-600x1280.webp 600w\" \/><\/figure>\n<\/div>\n\n\n\n<div class=\"wp-block-column is-layout-flow wp-block-column-is-layout-flow\" style=\"flex-basis:33.33%\"><\/div>\n<\/div>\n\n\n\n<p><\/p>","protected":false},"excerpt":{"rendered":"<p>Jouet de chien intelligent RC en gros. Ce chien intelligent est dot\u00e9 d'une d\u00e9tection gestuelle, d'une interaction tactile, d'un mouvement bionique, d'une programmation en temps r\u00e9el et d'une imitation sonore pour une \u00e9ducation technologique amusante.<\/p>\n<p>En tant que <a href=\"https:\/\/www.chengjitoy.com\/fr\/categorie-produit\/wholesale-robot-toys\/\"><strong>fabricant de jouets robotiques<\/strong><\/a>, Les commandes de jouets en vrac sont prises en charge par Chengji. Contactez nous d\u00e8s maintenant !<\/p>\n<h2>Sp\u00e9cifications du jouet RC Smart Dog<\/h2>\n<table style=\"border-collapse: collapse; width: 343.52pt;\" border=\"0\" width=\"458\" cellspacing=\"0\" cellpadding=\"0\">\n<tbody>\n<tr style=\"height: 19.50pt;\">\n<td class=\"et2\" style=\"height: 19.50pt; width: 133.75pt;\" width=\"178\" height=\"26\">Num\u00e9ro d'article :<\/td>\n<td class=\"et3\" style=\"width: 210.00pt;\" width=\"280\">CJ-5025429<\/td>\n<\/tr>\n<tr style=\"height: 20.25pt;\">\n<td class=\"et4\" style=\"height: 20.25pt; width: 133.75pt;\" width=\"178\" height=\"27\">Paquet :<\/td>\n<td class=\"et5\" style=\"width: 210.00pt;\" width=\"280\">BO\u00ceTE DE FEN\u00caTRE<\/td>\n<\/tr>\n<tr style=\"height: 19.50pt;\">\n<td class=\"et4\" style=\"height: 19.50pt; width: 133.75pt;\" width=\"178\" height=\"26\">Taille de l'emballage :<\/td>\n<td class=\"et5\" style=\"width: 210.00pt;\" width=\"280\">28*17.1*24.6CM<\/td>\n<\/tr>\n<tr style=\"height: 20.25pt;\">\n<td class=\"et4\" style=\"height: 20.25pt; width: 133.75pt;\" width=\"178\" height=\"27\">Taille du carton\uff1a<\/td>\n<td class=\"et5\" style=\"width: 210.00pt;\" width=\"280\">86*36.5*52CM<\/td>\n<\/tr>\n<tr style=\"height: 19.50pt;\">\n<td class=\"et4\" style=\"height: 19.50pt; width: 133.75pt;\" width=\"178\" height=\"26\">Q'ty\/Ctn :<\/td>\n<td class=\"et5\" style=\"width: 210.00pt;\" width=\"280\">12\/PCS<\/td>\n<\/tr>\n<tr style=\"height: 20.25pt;\">\n<td class=\"et4\" style=\"height: 20.25pt; width: 133.75pt;\" width=\"178\" height=\"27\">G.W.\/N.W. :<\/td>\n<td class=\"et5\" style=\"width: 210.00pt;\" width=\"280\">11.7\/10 KG<\/td>\n<\/tr>\n<tr style=\"height: 19.50pt;\">\n<td class=\"et4\" style=\"height: 19.50pt; width: 133.75pt;\" width=\"178\" height=\"26\">Mesure :<\/td>\n<td class=\"et5\" style=\"width: 210.00pt;\" width=\"280\">0.16 CBM\u2019\/5.76 CUFT\u2019<\/td>\n<\/tr>\n<\/tbody>\n<\/table>","protected":false},"featured_media":7750,"comment_status":"closed","ping_status":"closed","template":"","meta":{"_acf_changed":true},"product_brand":[],"product_cat":[26,30,102,98],"product_tag":[],"class_list":{"0":"post-7749","1":"product","2":"type-product","3":"status-publish","4":"has-post-thumbnail","6":"product_cat-wholesale-toys-for-all-ages","7":"product_cat-wholesale-toys-for-ages-3-and-up","8":"product_cat-wholesale-ai-robot-toys","9":"product_cat-wholesale-robot-toys","11":"first","12":"instock","13":"shipping-taxable","14":"product-type-simple"},"acf":[],"_links":{"self":[{"href":"https:\/\/www.chengjitoy.com\/fr\/wp-json\/wp\/v2\/product\/7749","targetHints":{"allow":["GET"]}}],"collection":[{"href":"https:\/\/www.chengjitoy.com\/fr\/wp-json\/wp\/v2\/product"}],"about":[{"href":"https:\/\/www.chengjitoy.com\/fr\/wp-json\/wp\/v2\/types\/product"}],"replies":[{"embeddable":true,"href":"https:\/\/www.chengjitoy.com\/fr\/wp-json\/wp\/v2\/comments?post=7749"}],"wp:featuredmedia":[{"embeddable":true,"href":"https:\/\/www.chengjitoy.com\/fr\/wp-json\/wp\/v2\/media\/7750"}],"wp:attachment":[{"href":"https:\/\/www.chengjitoy.com\/fr\/wp-json\/wp\/v2\/media?parent=7749"}],"wp:term":[{"taxonomy":"product_brand","embeddable":true,"href":"https:\/\/www.chengjitoy.com\/fr\/wp-json\/wp\/v2\/product_brand?post=7749"},{"taxonomy":"product_cat","embeddable":true,"href":"https:\/\/www.chengjitoy.com\/fr\/wp-json\/wp\/v2\/product_cat?post=7749"},{"taxonomy":"product_tag","embeddable":true,"href":"https:\/\/www.chengjitoy.com\/fr\/wp-json\/wp\/v2\/product_tag?post=7749"}],"curies":[{"name":"wp","href":"https:\/\/api.w.org\/{rel}","templated":true}]}}