{"id":7855,"date":"2026-01-13T10:12:06","date_gmt":"2026-01-13T10:12:06","guid":{"rendered":"https:\/\/www.chengjitoy.com\/?post_type=product&#038;p=7855"},"modified":"2026-01-13T10:12:06","modified_gmt":"2026-01-13T10:12:06","slug":"wholesale-octopus-bubble-blower-toy","status":"publish","type":"product","link":"https:\/\/www.chengjitoy.com\/fr\/product\/wholesale-octopus-bubble-blower-toy\/","title":{"rendered":"Grossiste Jouet Souffleur de Bulles Octopus - Jouets d'\u00e9t\u00e9, Fabricant de Jouets d'ext\u00e9rieur"},"content":{"rendered":"<div class=\"wp-block-columns is-layout-flex wp-container-core-columns-is-layout-9d6595d7 wp-block-columns-is-layout-flex\">\n<div class=\"wp-block-column is-layout-flow wp-block-column-is-layout-flow\" style=\"flex-basis:66.66%\">\n<figure class=\"wp-block-image size-full\"><img loading=\"lazy\" decoding=\"async\" width=\"770\" height=\"816\" src=\"https:\/\/www.chengjitoy.com\/wp-content\/uploads\/2026\/01\/details-of-Octopus-bubble-1.webp\" alt=\"\" class=\"wp-image-8116\" srcset=\"https:\/\/www.chengjitoy.com\/wp-content\/uploads\/2026\/01\/details-of-Octopus-bubble-1.webp 770w, https:\/\/www.chengjitoy.com\/wp-content\/uploads\/2026\/01\/details-of-Octopus-bubble-1-283x300.webp 283w, https:\/\/www.chengjitoy.com\/wp-content\/uploads\/2026\/01\/details-of-Octopus-bubble-1-768x814.webp 768w, https:\/\/www.chengjitoy.com\/wp-content\/uploads\/2026\/01\/details-of-Octopus-bubble-1-11x12.webp 11w, https:\/\/www.chengjitoy.com\/wp-content\/uploads\/2026\/01\/details-of-Octopus-bubble-1-600x636.webp 600w\" sizes=\"auto, (max-width: 770px) 100vw, 770px\" \/><\/figure>\n\n\n\n<figure class=\"wp-block-image size-full\"><img loading=\"lazy\" decoding=\"async\" width=\"770\" height=\"903\" src=\"https:\/\/www.chengjitoy.com\/wp-content\/uploads\/2026\/01\/details-of-Octopus-bubble-2.webp\" alt=\"\" class=\"wp-image-8117\" srcset=\"https:\/\/www.chengjitoy.com\/wp-content\/uploads\/2026\/01\/details-of-Octopus-bubble-2.webp 770w, https:\/\/www.chengjitoy.com\/wp-content\/uploads\/2026\/01\/details-of-Octopus-bubble-2-256x300.webp 256w, https:\/\/www.chengjitoy.com\/wp-content\/uploads\/2026\/01\/details-of-Octopus-bubble-2-768x901.webp 768w, https:\/\/www.chengjitoy.com\/wp-content\/uploads\/2026\/01\/details-of-Octopus-bubble-2-10x12.webp 10w, https:\/\/www.chengjitoy.com\/wp-content\/uploads\/2026\/01\/details-of-Octopus-bubble-2-600x704.webp 600w\" sizes=\"auto, (max-width: 770px) 100vw, 770px\" \/><\/figure>\n\n\n\n<figure class=\"wp-block-image size-full\"><img loading=\"lazy\" decoding=\"async\" width=\"770\" height=\"813\" src=\"https:\/\/www.chengjitoy.com\/wp-content\/uploads\/2026\/01\/details-of-Octopus-bubble-3.webp\" alt=\"\" class=\"wp-image-8118\" srcset=\"https:\/\/www.chengjitoy.com\/wp-content\/uploads\/2026\/01\/details-of-Octopus-bubble-3.webp 770w, https:\/\/www.chengjitoy.com\/wp-content\/uploads\/2026\/01\/details-of-Octopus-bubble-3-284x300.webp 284w, https:\/\/www.chengjitoy.com\/wp-content\/uploads\/2026\/01\/details-of-Octopus-bubble-3-768x811.webp 768w, https:\/\/www.chengjitoy.com\/wp-content\/uploads\/2026\/01\/details-of-Octopus-bubble-3-11x12.webp 11w, https:\/\/www.chengjitoy.com\/wp-content\/uploads\/2026\/01\/details-of-Octopus-bubble-3-600x634.webp 600w\" sizes=\"auto, (max-width: 770px) 100vw, 770px\" \/><\/figure>\n\n\n\n<figure class=\"wp-block-image size-full\"><img loading=\"lazy\" decoding=\"async\" width=\"770\" height=\"741\" src=\"https:\/\/www.chengjitoy.com\/wp-content\/uploads\/2026\/01\/details-of-Octopus-bubble-4.webp\" alt=\"\" class=\"wp-image-8119\" srcset=\"https:\/\/www.chengjitoy.com\/wp-content\/uploads\/2026\/01\/details-of-Octopus-bubble-4.webp 770w, https:\/\/www.chengjitoy.com\/wp-content\/uploads\/2026\/01\/details-of-Octopus-bubble-4-300x289.webp 300w, https:\/\/www.chengjitoy.com\/wp-content\/uploads\/2026\/01\/details-of-Octopus-bubble-4-768x739.webp 768w, https:\/\/www.chengjitoy.com\/wp-content\/uploads\/2026\/01\/details-of-Octopus-bubble-4-12x12.webp 12w, https:\/\/www.chengjitoy.com\/wp-content\/uploads\/2026\/01\/details-of-Octopus-bubble-4-600x577.webp 600w\" sizes=\"auto, (max-width: 770px) 100vw, 770px\" \/><\/figure>\n\n\n\n<figure class=\"wp-block-image size-full\"><img loading=\"lazy\" decoding=\"async\" width=\"770\" height=\"611\" src=\"https:\/\/www.chengjitoy.com\/wp-content\/uploads\/2026\/01\/details-of-Octopus-bubble-5.webp\" alt=\"\" class=\"wp-image-8120\" srcset=\"https:\/\/www.chengjitoy.com\/wp-content\/uploads\/2026\/01\/details-of-Octopus-bubble-5.webp 770w, https:\/\/www.chengjitoy.com\/wp-content\/uploads\/2026\/01\/details-of-Octopus-bubble-5-300x238.webp 300w, https:\/\/www.chengjitoy.com\/wp-content\/uploads\/2026\/01\/details-of-Octopus-bubble-5-768x609.webp 768w, https:\/\/www.chengjitoy.com\/wp-content\/uploads\/2026\/01\/details-of-Octopus-bubble-5-15x12.webp 15w, https:\/\/www.chengjitoy.com\/wp-content\/uploads\/2026\/01\/details-of-Octopus-bubble-5-600x476.webp 600w\" sizes=\"auto, (max-width: 770px) 100vw, 770px\" \/><\/figure>\n\n\n\n<figure class=\"wp-block-image size-full\"><img loading=\"lazy\" decoding=\"async\" width=\"770\" height=\"1407\" src=\"https:\/\/www.chengjitoy.com\/wp-content\/uploads\/2026\/01\/details-of-Octopus-bubble-6.webp\" alt=\"\" class=\"wp-image-8121\" srcset=\"https:\/\/www.chengjitoy.com\/wp-content\/uploads\/2026\/01\/details-of-Octopus-bubble-6.webp 770w, https:\/\/www.chengjitoy.com\/wp-content\/uploads\/2026\/01\/details-of-Octopus-bubble-6-164x300.webp 164w, https:\/\/www.chengjitoy.com\/wp-content\/uploads\/2026\/01\/details-of-Octopus-bubble-6-768x1403.webp 768w, https:\/\/www.chengjitoy.com\/wp-content\/uploads\/2026\/01\/details-of-Octopus-bubble-6-7x12.webp 7w, https:\/\/www.chengjitoy.com\/wp-content\/uploads\/2026\/01\/details-of-Octopus-bubble-6-600x1096.webp 600w\" sizes=\"auto, (max-width: 770px) 100vw, 770px\" \/><\/figure>\n<\/div>\n\n\n\n<div class=\"wp-block-column is-layout-flow wp-block-column-is-layout-flow\" style=\"flex-basis:33.33%\"><\/div>\n<\/div>","protected":false},"excerpt":{"rendered":"<p>Jouet gonflable pieuvre mignon en gros. Le souffleur de bulles de la pieuvre de l'espace est dot\u00e9 d'un syst\u00e8me de bulles \u00e0 5 trous, d'un grand r\u00e9servoir de 105 ml, d'une formule s\u00fbre et d'un design amusant et color\u00e9 pour les jeux d'ext\u00e9rieur des enfants.<\/p>\n<p>Chengji est un <a href=\"https:\/\/www.chengjitoy.com\/fr\/categorie-produit\/wholesale-summer-toys\/\"><strong>fournisseur de jouets d'\u00e9t\u00e9<\/strong><\/a> qui peut proposer des commandes de jouets en gros pour les marques, les d\u00e9taillants et les distributeurs.<\/p>\n<h2>Sp\u00e9cifications du jouet Octopus Bubble Blower<\/h2>\n<table style=\"border-collapse: collapse; width: 343.52pt;\" border=\"0\" width=\"458\" cellspacing=\"0\" cellpadding=\"0\">\n<tbody>\n<tr style=\"height: 19.50pt;\">\n<td class=\"et2\" style=\"height: 19.50pt; width: 133.75pt;\" width=\"178\" height=\"26\">Num\u00e9ro d'article :<\/td>\n<td class=\"et3\" style=\"width: 210.00pt;\" width=\"280\">CJ-2247372<\/td>\n<\/tr>\n<tr style=\"height: 20.25pt;\">\n<td class=\"et4\" style=\"height: 20.25pt; width: 133.75pt;\" width=\"178\" height=\"27\">Paquet :<\/td>\n<td class=\"et5\" style=\"width: 210.00pt;\" width=\"280\">COLOR BOX<\/td>\n<\/tr>\n<tr style=\"height: 19.50pt;\">\n<td class=\"et4\" style=\"height: 19.50pt; width: 133.75pt;\" width=\"178\" height=\"26\">Taille de l'emballage :<\/td>\n<td class=\"et5\" style=\"width: 210.00pt;\" width=\"280\">13*13*17.5CM<\/td>\n<\/tr>\n<tr style=\"height: 20.25pt;\">\n<td class=\"et4\" style=\"height: 20.25pt; width: 133.75pt;\" width=\"178\" height=\"27\">Taille du carton\uff1a<\/td>\n<td class=\"et5\" style=\"width: 210.00pt;\" width=\"280\">54*40*74CM<\/td>\n<\/tr>\n<tr style=\"height: 19.50pt;\">\n<td class=\"et4\" style=\"height: 19.50pt; width: 133.75pt;\" width=\"178\" height=\"26\">Q'ty\/Ctn :<\/td>\n<td class=\"et5\" style=\"width: 210.00pt;\" width=\"280\">48\/PCS<\/td>\n<\/tr>\n<tr style=\"height: 20.25pt;\">\n<td class=\"et4\" style=\"height: 20.25pt; width: 133.75pt;\" width=\"178\" height=\"27\">G.W.\/N.W. :<\/td>\n<td class=\"et5\" style=\"width: 210.00pt;\" width=\"280\">23\/21 KG<\/td>\n<\/tr>\n<tr style=\"height: 19.50pt;\">\n<td class=\"et4\" style=\"height: 19.50pt; width: 133.75pt;\" width=\"178\" height=\"26\">Mesure :<\/td>\n<td class=\"et5\" style=\"width: 210.00pt;\" width=\"280\">0.16 CBM\u2019\/5.64 CUFT\u2019<\/td>\n<\/tr>\n<\/tbody>\n<\/table>","protected":false},"featured_media":8109,"comment_status":"closed","ping_status":"closed","template":"","meta":{"_acf_changed":true},"product_brand":[],"product_cat":[26,30,63,21],"product_tag":[],"class_list":{"0":"post-7855","1":"product","2":"type-product","3":"status-publish","4":"has-post-thumbnail","6":"product_cat-wholesale-toys-for-all-ages","7":"product_cat-wholesale-toys-for-ages-3-and-up","8":"product_cat-wholesale-bubble-toys","9":"product_cat-wholesale-summer-toys","11":"first","12":"instock","13":"shipping-taxable","14":"product-type-simple"},"acf":[],"_links":{"self":[{"href":"https:\/\/www.chengjitoy.com\/fr\/wp-json\/wp\/v2\/product\/7855","targetHints":{"allow":["GET"]}}],"collection":[{"href":"https:\/\/www.chengjitoy.com\/fr\/wp-json\/wp\/v2\/product"}],"about":[{"href":"https:\/\/www.chengjitoy.com\/fr\/wp-json\/wp\/v2\/types\/product"}],"replies":[{"embeddable":true,"href":"https:\/\/www.chengjitoy.com\/fr\/wp-json\/wp\/v2\/comments?post=7855"}],"wp:featuredmedia":[{"embeddable":true,"href":"https:\/\/www.chengjitoy.com\/fr\/wp-json\/wp\/v2\/media\/8109"}],"wp:attachment":[{"href":"https:\/\/www.chengjitoy.com\/fr\/wp-json\/wp\/v2\/media?parent=7855"}],"wp:term":[{"taxonomy":"product_brand","embeddable":true,"href":"https:\/\/www.chengjitoy.com\/fr\/wp-json\/wp\/v2\/product_brand?post=7855"},{"taxonomy":"product_cat","embeddable":true,"href":"https:\/\/www.chengjitoy.com\/fr\/wp-json\/wp\/v2\/product_cat?post=7855"},{"taxonomy":"product_tag","embeddable":true,"href":"https:\/\/www.chengjitoy.com\/fr\/wp-json\/wp\/v2\/product_tag?post=7855"}],"curies":[{"name":"wp","href":"https:\/\/api.w.org\/{rel}","templated":true}]}}