{"id":8202,"date":"2026-01-13T10:13:26","date_gmt":"2026-01-13T10:13:26","guid":{"rendered":"https:\/\/www.chengjitoy.com\/?post_type=product&#038;p=8202"},"modified":"2026-01-13T10:13:26","modified_gmt":"2026-01-13T10:13:26","slug":"wholesale-sunflower-bubble-machine-toy","status":"publish","type":"product","link":"https:\/\/www.chengjitoy.com\/fr\/product\/wholesale-sunflower-bubble-machine-toy\/","title":{"rendered":"Grossiste Jouet Tournesol Machine \u00e0 Bulles - Summer Beach Toys Factory"},"content":{"rendered":"<div class=\"wp-block-columns is-layout-flex wp-container-core-columns-is-layout-9d6595d7 wp-block-columns-is-layout-flex\">\n<div class=\"wp-block-column is-layout-flow wp-block-column-is-layout-flow\" style=\"flex-basis:66.66%\">\n<figure class=\"wp-block-image size-full\"><img loading=\"lazy\" decoding=\"async\" width=\"770\" height=\"2036\" src=\"https:\/\/www.chengjitoy.com\/wp-content\/uploads\/2026\/01\/details-of-Sunflower-bubble-machine-1.webp\" alt=\"\" class=\"wp-image-8210\" srcset=\"https:\/\/www.chengjitoy.com\/wp-content\/uploads\/2026\/01\/details-of-Sunflower-bubble-machine-1.webp 770w, https:\/\/www.chengjitoy.com\/wp-content\/uploads\/2026\/01\/details-of-Sunflower-bubble-machine-1-113x300.webp 113w, https:\/\/www.chengjitoy.com\/wp-content\/uploads\/2026\/01\/details-of-Sunflower-bubble-machine-1-768x2031.webp 768w, https:\/\/www.chengjitoy.com\/wp-content\/uploads\/2026\/01\/details-of-Sunflower-bubble-machine-1-5x12.webp 5w, https:\/\/www.chengjitoy.com\/wp-content\/uploads\/2026\/01\/details-of-Sunflower-bubble-machine-1-600x1586.webp 600w\" sizes=\"auto, (max-width: 770px) 100vw, 770px\" \/><\/figure>\n\n\n\n<figure class=\"wp-block-image size-full\"><img loading=\"lazy\" decoding=\"async\" width=\"770\" height=\"1818\" src=\"https:\/\/www.chengjitoy.com\/wp-content\/uploads\/2026\/01\/details-of-Sunflower-bubble-machine-2.webp\" alt=\"\" class=\"wp-image-8211\" srcset=\"https:\/\/www.chengjitoy.com\/wp-content\/uploads\/2026\/01\/details-of-Sunflower-bubble-machine-2.webp 770w, https:\/\/www.chengjitoy.com\/wp-content\/uploads\/2026\/01\/details-of-Sunflower-bubble-machine-2-127x300.webp 127w, https:\/\/www.chengjitoy.com\/wp-content\/uploads\/2026\/01\/details-of-Sunflower-bubble-machine-2-768x1813.webp 768w, https:\/\/www.chengjitoy.com\/wp-content\/uploads\/2026\/01\/details-of-Sunflower-bubble-machine-2-5x12.webp 5w, https:\/\/www.chengjitoy.com\/wp-content\/uploads\/2026\/01\/details-of-Sunflower-bubble-machine-2-600x1417.webp 600w\" sizes=\"auto, (max-width: 770px) 100vw, 770px\" \/><\/figure>\n\n\n\n<figure class=\"wp-block-image size-full\"><img loading=\"lazy\" decoding=\"async\" width=\"770\" height=\"1722\" src=\"https:\/\/www.chengjitoy.com\/wp-content\/uploads\/2026\/01\/details-of-Sunflower-bubble-machine-3.webp\" alt=\"\" class=\"wp-image-8212\" srcset=\"https:\/\/www.chengjitoy.com\/wp-content\/uploads\/2026\/01\/details-of-Sunflower-bubble-machine-3.webp 770w, https:\/\/www.chengjitoy.com\/wp-content\/uploads\/2026\/01\/details-of-Sunflower-bubble-machine-3-134x300.webp 134w, https:\/\/www.chengjitoy.com\/wp-content\/uploads\/2026\/01\/details-of-Sunflower-bubble-machine-3-768x1718.webp 768w, https:\/\/www.chengjitoy.com\/wp-content\/uploads\/2026\/01\/details-of-Sunflower-bubble-machine-3-5x12.webp 5w, https:\/\/www.chengjitoy.com\/wp-content\/uploads\/2026\/01\/details-of-Sunflower-bubble-machine-3-600x1342.webp 600w\" sizes=\"auto, (max-width: 770px) 100vw, 770px\" \/><\/figure>\n\n\n\n<figure class=\"wp-block-image size-full\"><img loading=\"lazy\" decoding=\"async\" width=\"770\" height=\"2746\" src=\"https:\/\/www.chengjitoy.com\/wp-content\/uploads\/2026\/01\/details-of-Sunflower-bubble-machine-4.webp\" alt=\"\" class=\"wp-image-8213\" srcset=\"https:\/\/www.chengjitoy.com\/wp-content\/uploads\/2026\/01\/details-of-Sunflower-bubble-machine-4.webp 770w, https:\/\/www.chengjitoy.com\/wp-content\/uploads\/2026\/01\/details-of-Sunflower-bubble-machine-4-84x300.webp 84w, https:\/\/www.chengjitoy.com\/wp-content\/uploads\/2026\/01\/details-of-Sunflower-bubble-machine-4-768x2739.webp 768w, https:\/\/www.chengjitoy.com\/wp-content\/uploads\/2026\/01\/details-of-Sunflower-bubble-machine-4-3x12.webp 3w, https:\/\/www.chengjitoy.com\/wp-content\/uploads\/2026\/01\/details-of-Sunflower-bubble-machine-4-600x2140.webp 600w\" sizes=\"auto, (max-width: 770px) 100vw, 770px\" \/><\/figure>\n\n\n\n<figure class=\"wp-block-image size-full\"><img loading=\"lazy\" decoding=\"async\" width=\"770\" height=\"1645\" src=\"https:\/\/www.chengjitoy.com\/wp-content\/uploads\/2026\/01\/details-of-Sunflower-bubble-machine-5.webp\" alt=\"\" class=\"wp-image-8214\" srcset=\"https:\/\/www.chengjitoy.com\/wp-content\/uploads\/2026\/01\/details-of-Sunflower-bubble-machine-5.webp 770w, https:\/\/www.chengjitoy.com\/wp-content\/uploads\/2026\/01\/details-of-Sunflower-bubble-machine-5-140x300.webp 140w, https:\/\/www.chengjitoy.com\/wp-content\/uploads\/2026\/01\/details-of-Sunflower-bubble-machine-5-768x1641.webp 768w, https:\/\/www.chengjitoy.com\/wp-content\/uploads\/2026\/01\/details-of-Sunflower-bubble-machine-5-6x12.webp 6w, https:\/\/www.chengjitoy.com\/wp-content\/uploads\/2026\/01\/details-of-Sunflower-bubble-machine-5-600x1282.webp 600w\" sizes=\"auto, (max-width: 770px) 100vw, 770px\" \/><\/figure>\n\n\n\n<figure class=\"wp-block-image size-full\"><img loading=\"lazy\" decoding=\"async\" width=\"770\" height=\"2384\" src=\"https:\/\/www.chengjitoy.com\/wp-content\/uploads\/2026\/01\/details-of-Sunflower-bubble-machine-6.webp\" alt=\"\" class=\"wp-image-8215\" srcset=\"https:\/\/www.chengjitoy.com\/wp-content\/uploads\/2026\/01\/details-of-Sunflower-bubble-machine-6.webp 770w, https:\/\/www.chengjitoy.com\/wp-content\/uploads\/2026\/01\/details-of-Sunflower-bubble-machine-6-97x300.webp 97w, https:\/\/www.chengjitoy.com\/wp-content\/uploads\/2026\/01\/details-of-Sunflower-bubble-machine-6-768x2378.webp 768w, https:\/\/www.chengjitoy.com\/wp-content\/uploads\/2026\/01\/details-of-Sunflower-bubble-machine-6-4x12.webp 4w, https:\/\/www.chengjitoy.com\/wp-content\/uploads\/2026\/01\/details-of-Sunflower-bubble-machine-6-600x1858.webp 600w\" sizes=\"auto, (max-width: 770px) 100vw, 770px\" \/><\/figure>\n\n\n\n<figure class=\"wp-block-image size-full\"><img loading=\"lazy\" decoding=\"async\" width=\"770\" height=\"2016\" src=\"https:\/\/www.chengjitoy.com\/wp-content\/uploads\/2026\/01\/details-of-Sunflower-bubble-machine-7.webp\" alt=\"\" class=\"wp-image-8216\" srcset=\"https:\/\/www.chengjitoy.com\/wp-content\/uploads\/2026\/01\/details-of-Sunflower-bubble-machine-7.webp 770w, https:\/\/www.chengjitoy.com\/wp-content\/uploads\/2026\/01\/details-of-Sunflower-bubble-machine-7-115x300.webp 115w, https:\/\/www.chengjitoy.com\/wp-content\/uploads\/2026\/01\/details-of-Sunflower-bubble-machine-7-768x2011.webp 768w, https:\/\/www.chengjitoy.com\/wp-content\/uploads\/2026\/01\/details-of-Sunflower-bubble-machine-7-5x12.webp 5w, https:\/\/www.chengjitoy.com\/wp-content\/uploads\/2026\/01\/details-of-Sunflower-bubble-machine-7-600x1571.webp 600w\" sizes=\"auto, (max-width: 770px) 100vw, 770px\" \/><\/figure>\n\n\n\n<figure class=\"wp-block-image size-full\"><img loading=\"lazy\" decoding=\"async\" width=\"770\" height=\"1661\" src=\"https:\/\/www.chengjitoy.com\/wp-content\/uploads\/2026\/01\/details-of-Sunflower-bubble-machine-8.webp\" alt=\"\" class=\"wp-image-8217\" srcset=\"https:\/\/www.chengjitoy.com\/wp-content\/uploads\/2026\/01\/details-of-Sunflower-bubble-machine-8.webp 770w, https:\/\/www.chengjitoy.com\/wp-content\/uploads\/2026\/01\/details-of-Sunflower-bubble-machine-8-139x300.webp 139w, https:\/\/www.chengjitoy.com\/wp-content\/uploads\/2026\/01\/details-of-Sunflower-bubble-machine-8-768x1657.webp 768w, https:\/\/www.chengjitoy.com\/wp-content\/uploads\/2026\/01\/details-of-Sunflower-bubble-machine-8-6x12.webp 6w, https:\/\/www.chengjitoy.com\/wp-content\/uploads\/2026\/01\/details-of-Sunflower-bubble-machine-8-600x1294.webp 600w\" sizes=\"auto, (max-width: 770px) 100vw, 770px\" \/><\/figure>\n\n\n\n<figure class=\"wp-block-image size-full\"><img loading=\"lazy\" decoding=\"async\" width=\"770\" height=\"1099\" src=\"https:\/\/www.chengjitoy.com\/wp-content\/uploads\/2026\/01\/details-of-Sunflower-bubble-machine-9.webp\" alt=\"\" class=\"wp-image-8218\" srcset=\"https:\/\/www.chengjitoy.com\/wp-content\/uploads\/2026\/01\/details-of-Sunflower-bubble-machine-9.webp 770w, https:\/\/www.chengjitoy.com\/wp-content\/uploads\/2026\/01\/details-of-Sunflower-bubble-machine-9-210x300.webp 210w, https:\/\/www.chengjitoy.com\/wp-content\/uploads\/2026\/01\/details-of-Sunflower-bubble-machine-9-768x1096.webp 768w, https:\/\/www.chengjitoy.com\/wp-content\/uploads\/2026\/01\/details-of-Sunflower-bubble-machine-9-8x12.webp 8w, https:\/\/www.chengjitoy.com\/wp-content\/uploads\/2026\/01\/details-of-Sunflower-bubble-machine-9-600x856.webp 600w\" sizes=\"auto, (max-width: 770px) 100vw, 770px\" \/><\/figure>\n\n\n\n<figure class=\"wp-block-image size-full\"><img loading=\"lazy\" decoding=\"async\" width=\"770\" height=\"685\" src=\"https:\/\/www.chengjitoy.com\/wp-content\/uploads\/2026\/01\/details-of-Sunflower-bubble-machine-10.webp\" alt=\"\" class=\"wp-image-8219\" srcset=\"https:\/\/www.chengjitoy.com\/wp-content\/uploads\/2026\/01\/details-of-Sunflower-bubble-machine-10.webp 770w, https:\/\/www.chengjitoy.com\/wp-content\/uploads\/2026\/01\/details-of-Sunflower-bubble-machine-10-300x267.webp 300w, https:\/\/www.chengjitoy.com\/wp-content\/uploads\/2026\/01\/details-of-Sunflower-bubble-machine-10-768x683.webp 768w, https:\/\/www.chengjitoy.com\/wp-content\/uploads\/2026\/01\/details-of-Sunflower-bubble-machine-10-13x12.webp 13w, https:\/\/www.chengjitoy.com\/wp-content\/uploads\/2026\/01\/details-of-Sunflower-bubble-machine-10-600x534.webp 600w\" sizes=\"auto, (max-width: 770px) 100vw, 770px\" \/><\/figure>\n\n\n\n<figure class=\"wp-block-image size-full\"><img loading=\"lazy\" decoding=\"async\" width=\"770\" height=\"2233\" src=\"https:\/\/www.chengjitoy.com\/wp-content\/uploads\/2026\/01\/details-of-Sunflower-bubble-machine-11.webp\" alt=\"\" class=\"wp-image-8220\" srcset=\"https:\/\/www.chengjitoy.com\/wp-content\/uploads\/2026\/01\/details-of-Sunflower-bubble-machine-11.webp 770w, https:\/\/www.chengjitoy.com\/wp-content\/uploads\/2026\/01\/details-of-Sunflower-bubble-machine-11-103x300.webp 103w, https:\/\/www.chengjitoy.com\/wp-content\/uploads\/2026\/01\/details-of-Sunflower-bubble-machine-11-768x2227.webp 768w, https:\/\/www.chengjitoy.com\/wp-content\/uploads\/2026\/01\/details-of-Sunflower-bubble-machine-11-4x12.webp 4w, https:\/\/www.chengjitoy.com\/wp-content\/uploads\/2026\/01\/details-of-Sunflower-bubble-machine-11-600x1740.webp 600w\" sizes=\"auto, (max-width: 770px) 100vw, 770px\" \/><\/figure>\n<\/div>\n\n\n\n<div class=\"wp-block-column is-layout-flow wp-block-column-is-layout-flow\" style=\"flex-basis:33.33%\"><\/div>\n<\/div>","protected":false},"excerpt":{"rendered":"<p>Jouet en gros : machine \u00e0 bulles de tournesol. La machine \u00e0 bulles de tournesol est dot\u00e9e d'un d\u00e9marrage en un clic, d'une t\u00e9l\u00e9commande optionnelle, d'une construction portable, de lumi\u00e8res douces et d'un aspect amusant pour les f\u00eates et les jeux en plein air.<\/p>\n<p>En tant que <a href=\"https:\/\/www.chengjitoy.com\/fr\/categorie-produit\/wholesale-summer-toys\/\"><strong>fournisseur de jouets d'\u00e9t\u00e9<\/strong><\/a>, Chengji propose des commandes de jouets d'\u00e9t\u00e9 en gros pour les marques, les distributeurs et les d\u00e9taillants. Contactez nous d\u00e8s maintenant !<\/p>\n<h2>Sp\u00e9cifications du jouet Sunflower Bubble Machine<\/h2>\n<table style=\"border-collapse: collapse; width: 343.52pt;\" border=\"0\" width=\"458\" cellspacing=\"0\" cellpadding=\"0\">\n<tbody>\n<tr style=\"height: 19.50pt;\">\n<td class=\"et2\" style=\"height: 19.50pt; width: 133.75pt;\" width=\"178\" height=\"26\">Num\u00e9ro d'article :<\/td>\n<td class=\"et3\" style=\"width: 210.00pt;\" width=\"280\">CJ-5067151<\/td>\n<\/tr>\n<tr style=\"height: 20.25pt;\">\n<td class=\"et4\" style=\"height: 20.25pt; width: 133.75pt;\" width=\"178\" height=\"27\">Paquet :<\/td>\n<td class=\"et5\" style=\"width: 210.00pt;\" width=\"280\">bo\u00eete \u00e0 couleurs<\/td>\n<\/tr>\n<tr style=\"height: 19.50pt;\">\n<td class=\"et4\" style=\"height: 19.50pt; width: 133.75pt;\" width=\"178\" height=\"26\">Taille de l'emballage :<\/td>\n<td class=\"et5\" style=\"width: 210.00pt;\" width=\"280\">19*13*28.5CM<\/td>\n<\/tr>\n<tr style=\"height: 20.25pt;\">\n<td class=\"et4\" style=\"height: 20.25pt; width: 133.75pt;\" width=\"178\" height=\"27\">Taille du carton\uff1a<\/td>\n<td class=\"et5\" style=\"width: 210.00pt;\" width=\"280\">81*39.5*87.5CM<\/td>\n<\/tr>\n<tr style=\"height: 19.50pt;\">\n<td class=\"et4\" style=\"height: 19.50pt; width: 133.75pt;\" width=\"178\" height=\"26\">Q'ty\/Ctn :<\/td>\n<td class=\"et5\" style=\"width: 210.00pt;\" width=\"280\">36\/PCS<\/td>\n<\/tr>\n<tr style=\"height: 20.25pt;\">\n<td class=\"et4\" style=\"height: 20.25pt; width: 133.75pt;\" width=\"178\" height=\"27\">G.W.\/N.W. :<\/td>\n<td class=\"et5\" style=\"width: 210.00pt;\" width=\"280\">29,2\/27,4 KG<\/td>\n<\/tr>\n<tr style=\"height: 19.50pt;\">\n<td class=\"et4\" style=\"height: 19.50pt; width: 133.75pt;\" width=\"178\" height=\"26\">Mesure :<\/td>\n<td class=\"et5\" style=\"width: 210.00pt;\" width=\"280\">0,28 CBM\u2019\/9,88 CUFT\u2019<\/td>\n<\/tr>\n<\/tbody>\n<\/table>","protected":false},"featured_media":8203,"comment_status":"closed","ping_status":"closed","template":"","meta":{"_acf_changed":true},"product_brand":[],"product_cat":[26,30,63,21],"product_tag":[],"class_list":{"0":"post-8202","1":"product","2":"type-product","3":"status-publish","4":"has-post-thumbnail","6":"product_cat-wholesale-toys-for-all-ages","7":"product_cat-wholesale-toys-for-ages-3-and-up","8":"product_cat-wholesale-bubble-toys","9":"product_cat-wholesale-summer-toys","11":"first","12":"instock","13":"shipping-taxable","14":"product-type-simple"},"acf":[],"_links":{"self":[{"href":"https:\/\/www.chengjitoy.com\/fr\/wp-json\/wp\/v2\/product\/8202","targetHints":{"allow":["GET"]}}],"collection":[{"href":"https:\/\/www.chengjitoy.com\/fr\/wp-json\/wp\/v2\/product"}],"about":[{"href":"https:\/\/www.chengjitoy.com\/fr\/wp-json\/wp\/v2\/types\/product"}],"replies":[{"embeddable":true,"href":"https:\/\/www.chengjitoy.com\/fr\/wp-json\/wp\/v2\/comments?post=8202"}],"wp:featuredmedia":[{"embeddable":true,"href":"https:\/\/www.chengjitoy.com\/fr\/wp-json\/wp\/v2\/media\/8203"}],"wp:attachment":[{"href":"https:\/\/www.chengjitoy.com\/fr\/wp-json\/wp\/v2\/media?parent=8202"}],"wp:term":[{"taxonomy":"product_brand","embeddable":true,"href":"https:\/\/www.chengjitoy.com\/fr\/wp-json\/wp\/v2\/product_brand?post=8202"},{"taxonomy":"product_cat","embeddable":true,"href":"https:\/\/www.chengjitoy.com\/fr\/wp-json\/wp\/v2\/product_cat?post=8202"},{"taxonomy":"product_tag","embeddable":true,"href":"https:\/\/www.chengjitoy.com\/fr\/wp-json\/wp\/v2\/product_tag?post=8202"}],"curies":[{"name":"wp","href":"https:\/\/api.w.org\/{rel}","templated":true}]}}