{"id":8345,"date":"2026-01-26T10:09:25","date_gmt":"2026-01-26T10:09:25","guid":{"rendered":"https:\/\/www.chengjitoy.com\/?post_type=product&#038;p=8345"},"modified":"2026-01-26T10:09:25","modified_gmt":"2026-01-26T10:09:25","slug":"wholesale-rc-spider-infrared-remote-toy","status":"publish","type":"product","link":"https:\/\/www.chengjitoy.com\/fr\/product\/wholesale-rc-spider-infrared-remote-toy\/","title":{"rendered":"Jouet pieuvre araign\u00e9e t\u00e9l\u00e9command\u00e9 en gros - Fabricant de jouets t\u00e9l\u00e9command\u00e9s"},"content":{"rendered":"<div class=\"wp-block-columns is-layout-flex wp-container-core-columns-is-layout-9d6595d7 wp-block-columns-is-layout-flex\">\n<div class=\"wp-block-column is-layout-flow wp-block-column-is-layout-flow\" style=\"flex-basis:66.66%\">\n<figure class=\"wp-block-image size-full\"><img loading=\"lazy\" decoding=\"async\" width=\"770\" height=\"1288\" src=\"https:\/\/www.chengjitoy.com\/wp-content\/uploads\/2026\/01\/details-of-Infrared-rc-spider-1.webp\" alt=\"\" class=\"wp-image-8350\" srcset=\"https:\/\/www.chengjitoy.com\/wp-content\/uploads\/2026\/01\/details-of-Infrared-rc-spider-1.webp 770w, https:\/\/www.chengjitoy.com\/wp-content\/uploads\/2026\/01\/details-of-Infrared-rc-spider-1-179x300.webp 179w, https:\/\/www.chengjitoy.com\/wp-content\/uploads\/2026\/01\/details-of-Infrared-rc-spider-1-768x1285.webp 768w, https:\/\/www.chengjitoy.com\/wp-content\/uploads\/2026\/01\/details-of-Infrared-rc-spider-1-7x12.webp 7w, https:\/\/www.chengjitoy.com\/wp-content\/uploads\/2026\/01\/details-of-Infrared-rc-spider-1-600x1004.webp 600w\" sizes=\"auto, (max-width: 770px) 100vw, 770px\" \/><\/figure>\n\n\n\n<figure class=\"wp-block-image size-full\"><img loading=\"lazy\" decoding=\"async\" width=\"770\" height=\"1121\" src=\"https:\/\/www.chengjitoy.com\/wp-content\/uploads\/2026\/01\/details-of-Infrared-rc-spider-2.webp\" alt=\"\" class=\"wp-image-8351\" srcset=\"https:\/\/www.chengjitoy.com\/wp-content\/uploads\/2026\/01\/details-of-Infrared-rc-spider-2.webp 770w, https:\/\/www.chengjitoy.com\/wp-content\/uploads\/2026\/01\/details-of-Infrared-rc-spider-2-206x300.webp 206w, https:\/\/www.chengjitoy.com\/wp-content\/uploads\/2026\/01\/details-of-Infrared-rc-spider-2-768x1118.webp 768w, https:\/\/www.chengjitoy.com\/wp-content\/uploads\/2026\/01\/details-of-Infrared-rc-spider-2-8x12.webp 8w, https:\/\/www.chengjitoy.com\/wp-content\/uploads\/2026\/01\/details-of-Infrared-rc-spider-2-600x874.webp 600w\" sizes=\"auto, (max-width: 770px) 100vw, 770px\" \/><\/figure>\n\n\n\n<figure class=\"wp-block-image size-full\"><img loading=\"lazy\" decoding=\"async\" width=\"770\" height=\"1216\" src=\"https:\/\/www.chengjitoy.com\/wp-content\/uploads\/2026\/01\/details-of-Infrared-rc-spider-3.webp\" alt=\"\" class=\"wp-image-8352\" srcset=\"https:\/\/www.chengjitoy.com\/wp-content\/uploads\/2026\/01\/details-of-Infrared-rc-spider-3.webp 770w, https:\/\/www.chengjitoy.com\/wp-content\/uploads\/2026\/01\/details-of-Infrared-rc-spider-3-190x300.webp 190w, https:\/\/www.chengjitoy.com\/wp-content\/uploads\/2026\/01\/details-of-Infrared-rc-spider-3-768x1213.webp 768w, https:\/\/www.chengjitoy.com\/wp-content\/uploads\/2026\/01\/details-of-Infrared-rc-spider-3-8x12.webp 8w, https:\/\/www.chengjitoy.com\/wp-content\/uploads\/2026\/01\/details-of-Infrared-rc-spider-3-600x948.webp 600w\" sizes=\"auto, (max-width: 770px) 100vw, 770px\" \/><\/figure>\n\n\n\n<figure class=\"wp-block-image size-full\"><img loading=\"lazy\" decoding=\"async\" width=\"770\" height=\"980\" src=\"https:\/\/www.chengjitoy.com\/wp-content\/uploads\/2026\/01\/details-of-Infrared-rc-spider-4.webp\" alt=\"\" class=\"wp-image-8353\" srcset=\"https:\/\/www.chengjitoy.com\/wp-content\/uploads\/2026\/01\/details-of-Infrared-rc-spider-4.webp 770w, https:\/\/www.chengjitoy.com\/wp-content\/uploads\/2026\/01\/details-of-Infrared-rc-spider-4-236x300.webp 236w, https:\/\/www.chengjitoy.com\/wp-content\/uploads\/2026\/01\/details-of-Infrared-rc-spider-4-768x977.webp 768w, https:\/\/www.chengjitoy.com\/wp-content\/uploads\/2026\/01\/details-of-Infrared-rc-spider-4-9x12.webp 9w, https:\/\/www.chengjitoy.com\/wp-content\/uploads\/2026\/01\/details-of-Infrared-rc-spider-4-600x764.webp 600w\" sizes=\"auto, (max-width: 770px) 100vw, 770px\" \/><\/figure>\n\n\n\n<figure class=\"wp-block-image size-full\"><img loading=\"lazy\" decoding=\"async\" width=\"770\" height=\"848\" src=\"https:\/\/www.chengjitoy.com\/wp-content\/uploads\/2026\/01\/details-of-Infrared-rc-spider-5.webp\" alt=\"\" class=\"wp-image-8354\" srcset=\"https:\/\/www.chengjitoy.com\/wp-content\/uploads\/2026\/01\/details-of-Infrared-rc-spider-5.webp 770w, https:\/\/www.chengjitoy.com\/wp-content\/uploads\/2026\/01\/details-of-Infrared-rc-spider-5-272x300.webp 272w, https:\/\/www.chengjitoy.com\/wp-content\/uploads\/2026\/01\/details-of-Infrared-rc-spider-5-768x846.webp 768w, https:\/\/www.chengjitoy.com\/wp-content\/uploads\/2026\/01\/details-of-Infrared-rc-spider-5-11x12.webp 11w, https:\/\/www.chengjitoy.com\/wp-content\/uploads\/2026\/01\/details-of-Infrared-rc-spider-5-600x661.webp 600w\" sizes=\"auto, (max-width: 770px) 100vw, 770px\" \/><\/figure>\n\n\n\n<figure class=\"wp-block-image size-full\"><img loading=\"lazy\" decoding=\"async\" width=\"770\" height=\"2163\" src=\"https:\/\/www.chengjitoy.com\/wp-content\/uploads\/2026\/01\/details-of-Infrared-rc-spider-6.webp\" alt=\"\" class=\"wp-image-8355\" srcset=\"https:\/\/www.chengjitoy.com\/wp-content\/uploads\/2026\/01\/details-of-Infrared-rc-spider-6.webp 770w, https:\/\/www.chengjitoy.com\/wp-content\/uploads\/2026\/01\/details-of-Infrared-rc-spider-6-107x300.webp 107w, https:\/\/www.chengjitoy.com\/wp-content\/uploads\/2026\/01\/details-of-Infrared-rc-spider-6-768x2157.webp 768w, https:\/\/www.chengjitoy.com\/wp-content\/uploads\/2026\/01\/details-of-Infrared-rc-spider-6-4x12.webp 4w, https:\/\/www.chengjitoy.com\/wp-content\/uploads\/2026\/01\/details-of-Infrared-rc-spider-6-600x1685.webp 600w\" sizes=\"auto, (max-width: 770px) 100vw, 770px\" \/><\/figure>\n<\/div>\n\n\n\n<div class=\"wp-block-column is-layout-flow wp-block-column-is-layout-flow\" style=\"flex-basis:33.33%\"><\/div>\n<\/div>","protected":false},"excerpt":{"rendered":"<p>Jouet araign\u00e9e RC infrarouge en gros avec commande \u00e0 4 canaux, rotation \u00e0 360\u00b0, sensation tactile r\u00e9aliste, mouvements simul\u00e9s et effets lumineux LED pour un jeu palpitant.<\/p>\n<p>Chengji, une entreprise fiable <a href=\"https:\/\/www.chengjitoy.com\/fr\/categorie-produit\/wholesale-rc-toys\/\"><strong>Fabricant de jouets RC<\/strong><\/a>, Le groupe de travail sur les jouets, qui propose des commandes de jouets en vrac pour les marques, les distributeurs et les d\u00e9taillants, est en train de se mettre en place. Contactez nous d\u00e8s maintenant !<\/p>\n<h2>Sp\u00e9cifications du jouet araign\u00e9e RC infrarouge<\/h2>\n<table style=\"border-collapse: collapse; width: 343.52pt;\" border=\"0\" width=\"458\" cellspacing=\"0\" cellpadding=\"0\">\n<tbody>\n<tr style=\"height: 19.50pt;\">\n<td class=\"et2\" style=\"height: 19.50pt; width: 133.75pt;\" width=\"178\" height=\"26\">Num\u00e9ro d'article :<\/td>\n<td class=\"et3\" style=\"width: 210.00pt;\" width=\"280\">CJ-5026320<\/td>\n<\/tr>\n<tr style=\"height: 20.25pt;\">\n<td class=\"et4\" style=\"height: 20.25pt; width: 133.75pt;\" width=\"178\" height=\"27\">Paquet :<\/td>\n<td class=\"et5\" style=\"width: 210.00pt;\" width=\"280\">BO\u00ceTE DE FEN\u00caTRE<\/td>\n<\/tr>\n<tr style=\"height: 19.50pt;\">\n<td class=\"et4\" style=\"height: 19.50pt; width: 133.75pt;\" width=\"178\" height=\"26\">Taille de l'emballage :<\/td>\n<td class=\"et5\" style=\"width: 210.00pt;\" width=\"280\">37*29.6*8.5CM<\/td>\n<\/tr>\n<tr style=\"height: 20.25pt;\">\n<td class=\"et4\" style=\"height: 20.25pt; width: 133.75pt;\" width=\"178\" height=\"27\">Taille du carton\uff1a<\/td>\n<td class=\"et5\" style=\"width: 210.00pt;\" width=\"280\">92,5*55*80,5CM<\/td>\n<\/tr>\n<tr style=\"height: 19.50pt;\">\n<td class=\"et4\" style=\"height: 19.50pt; width: 133.75pt;\" width=\"178\" height=\"26\">Q'ty\/Ctn :<\/td>\n<td class=\"et5\" style=\"width: 210.00pt;\" width=\"280\">36\/PCS<\/td>\n<\/tr>\n<tr style=\"height: 20.25pt;\">\n<td class=\"et4\" style=\"height: 20.25pt; width: 133.75pt;\" width=\"178\" height=\"27\">G.W.\/N.W. :<\/td>\n<td class=\"et5\" style=\"width: 210.00pt;\" width=\"280\">27.1\/24.6 KG<\/td>\n<\/tr>\n<tr style=\"height: 19.50pt;\">\n<td class=\"et4\" style=\"height: 19.50pt; width: 133.75pt;\" width=\"178\" height=\"26\">Mesure :<\/td>\n<td class=\"et5\" style=\"width: 210.00pt;\" width=\"280\">0,41 CBM\u2019\/14,45 CUFT\u2019.\u2019<\/td>\n<\/tr>\n<\/tbody>\n<\/table>","protected":false},"featured_media":8346,"comment_status":"closed","ping_status":"closed","template":"","meta":{"_acf_changed":true},"product_brand":[],"product_cat":[26,30,18,53],"product_tag":[],"class_list":{"0":"post-8345","1":"product","2":"type-product","3":"status-publish","4":"has-post-thumbnail","6":"product_cat-wholesale-toys-for-all-ages","7":"product_cat-wholesale-toys-for-ages-3-and-up","8":"product_cat-wholesale-rc-toys","9":"product_cat-wholesale-rc-robots-and-animals","11":"first","12":"instock","13":"shipping-taxable","14":"product-type-simple"},"acf":[],"_links":{"self":[{"href":"https:\/\/www.chengjitoy.com\/fr\/wp-json\/wp\/v2\/product\/8345","targetHints":{"allow":["GET"]}}],"collection":[{"href":"https:\/\/www.chengjitoy.com\/fr\/wp-json\/wp\/v2\/product"}],"about":[{"href":"https:\/\/www.chengjitoy.com\/fr\/wp-json\/wp\/v2\/types\/product"}],"replies":[{"embeddable":true,"href":"https:\/\/www.chengjitoy.com\/fr\/wp-json\/wp\/v2\/comments?post=8345"}],"wp:featuredmedia":[{"embeddable":true,"href":"https:\/\/www.chengjitoy.com\/fr\/wp-json\/wp\/v2\/media\/8346"}],"wp:attachment":[{"href":"https:\/\/www.chengjitoy.com\/fr\/wp-json\/wp\/v2\/media?parent=8345"}],"wp:term":[{"taxonomy":"product_brand","embeddable":true,"href":"https:\/\/www.chengjitoy.com\/fr\/wp-json\/wp\/v2\/product_brand?post=8345"},{"taxonomy":"product_cat","embeddable":true,"href":"https:\/\/www.chengjitoy.com\/fr\/wp-json\/wp\/v2\/product_cat?post=8345"},{"taxonomy":"product_tag","embeddable":true,"href":"https:\/\/www.chengjitoy.com\/fr\/wp-json\/wp\/v2\/product_tag?post=8345"}],"curies":[{"name":"wp","href":"https:\/\/api.w.org\/{rel}","templated":true}]}}