{"id":8631,"date":"2026-02-05T10:17:38","date_gmt":"2026-02-05T10:17:38","guid":{"rendered":"https:\/\/www.chengjitoy.com\/?post_type=product&#038;p=8631"},"modified":"2026-02-05T10:17:39","modified_gmt":"2026-02-05T10:17:39","slug":"wholesale-bubble-blower-gun-supply","status":"publish","type":"product","link":"https:\/\/www.chengjitoy.com\/fr\/product\/wholesale-bubble-blower-gun-supply\/","title":{"rendered":"Pistolet \u00e0 bulles d'air en gros, double batterie -Fun Summer Toy Supply"},"content":{"rendered":"<div class=\"wp-block-columns is-layout-flex wp-container-core-columns-is-layout-9d6595d7 wp-block-columns-is-layout-flex\">\n<div class=\"wp-block-column is-layout-flow wp-block-column-is-layout-flow\" style=\"flex-basis:66.66%\">\n<figure class=\"wp-block-image size-full\"><img loading=\"lazy\" decoding=\"async\" width=\"770\" height=\"1248\" sizes=\"auto, (max-width: 770px) 100vw, 770px\" src=\"https:\/\/www.chengjitoy.com\/wp-content\/uploads\/2026\/01\/details-ofBubble-1.webp\" alt=\"\" class=\"wp-image-8639\" srcset=\"https:\/\/www.chengjitoy.com\/wp-content\/uploads\/2026\/01\/details-ofBubble-1.webp 770w, https:\/\/www.chengjitoy.com\/wp-content\/uploads\/2026\/01\/details-ofBubble-1-185x300.webp 185w, https:\/\/www.chengjitoy.com\/wp-content\/uploads\/2026\/01\/details-ofBubble-1-768x1245.webp 768w, https:\/\/www.chengjitoy.com\/wp-content\/uploads\/2026\/01\/details-ofBubble-1-7x12.webp 7w, https:\/\/www.chengjitoy.com\/wp-content\/uploads\/2026\/01\/details-ofBubble-1-600x972.webp 600w\" \/><\/figure>\n\n\n\n<figure class=\"wp-block-image size-full\"><img loading=\"lazy\" decoding=\"async\" width=\"770\" height=\"1235\" sizes=\"auto, (max-width: 770px) 100vw, 770px\" src=\"https:\/\/www.chengjitoy.com\/wp-content\/uploads\/2026\/01\/details-ofBubble-2.webp\" alt=\"\" class=\"wp-image-8640\" srcset=\"https:\/\/www.chengjitoy.com\/wp-content\/uploads\/2026\/01\/details-ofBubble-2.webp 770w, https:\/\/www.chengjitoy.com\/wp-content\/uploads\/2026\/01\/details-ofBubble-2-187x300.webp 187w, https:\/\/www.chengjitoy.com\/wp-content\/uploads\/2026\/01\/details-ofBubble-2-768x1232.webp 768w, https:\/\/www.chengjitoy.com\/wp-content\/uploads\/2026\/01\/details-ofBubble-2-7x12.webp 7w, https:\/\/www.chengjitoy.com\/wp-content\/uploads\/2026\/01\/details-ofBubble-2-600x962.webp 600w\" \/><\/figure>\n\n\n\n<figure class=\"wp-block-image size-full\"><img loading=\"lazy\" decoding=\"async\" width=\"770\" height=\"1323\" sizes=\"auto, (max-width: 770px) 100vw, 770px\" src=\"https:\/\/www.chengjitoy.com\/wp-content\/uploads\/2026\/01\/details-ofBubble-3.webp\" alt=\"\" class=\"wp-image-8641\" srcset=\"https:\/\/www.chengjitoy.com\/wp-content\/uploads\/2026\/01\/details-ofBubble-3.webp 770w, https:\/\/www.chengjitoy.com\/wp-content\/uploads\/2026\/01\/details-ofBubble-3-175x300.webp 175w, https:\/\/www.chengjitoy.com\/wp-content\/uploads\/2026\/01\/details-ofBubble-3-768x1320.webp 768w, https:\/\/www.chengjitoy.com\/wp-content\/uploads\/2026\/01\/details-ofBubble-3-7x12.webp 7w, https:\/\/www.chengjitoy.com\/wp-content\/uploads\/2026\/01\/details-ofBubble-3-600x1031.webp 600w\" \/><\/figure>\n\n\n\n<figure class=\"wp-block-image size-full\"><img loading=\"lazy\" decoding=\"async\" width=\"770\" height=\"1253\" sizes=\"auto, (max-width: 770px) 100vw, 770px\" src=\"https:\/\/www.chengjitoy.com\/wp-content\/uploads\/2026\/01\/details-ofBubble-4.webp\" alt=\"\" class=\"wp-image-8642\" srcset=\"https:\/\/www.chengjitoy.com\/wp-content\/uploads\/2026\/01\/details-ofBubble-4.webp 770w, https:\/\/www.chengjitoy.com\/wp-content\/uploads\/2026\/01\/details-ofBubble-4-184x300.webp 184w, https:\/\/www.chengjitoy.com\/wp-content\/uploads\/2026\/01\/details-ofBubble-4-768x1250.webp 768w, https:\/\/www.chengjitoy.com\/wp-content\/uploads\/2026\/01\/details-ofBubble-4-7x12.webp 7w, https:\/\/www.chengjitoy.com\/wp-content\/uploads\/2026\/01\/details-ofBubble-4-600x976.webp 600w\" \/><\/figure>\n\n\n\n<figure class=\"wp-block-image size-full\"><img loading=\"lazy\" decoding=\"async\" width=\"770\" height=\"942\" sizes=\"auto, (max-width: 770px) 100vw, 770px\" src=\"https:\/\/www.chengjitoy.com\/wp-content\/uploads\/2026\/01\/details-ofBubble-5.webp\" alt=\"\" class=\"wp-image-8643\" srcset=\"https:\/\/www.chengjitoy.com\/wp-content\/uploads\/2026\/01\/details-ofBubble-5.webp 770w, https:\/\/www.chengjitoy.com\/wp-content\/uploads\/2026\/01\/details-ofBubble-5-245x300.webp 245w, https:\/\/www.chengjitoy.com\/wp-content\/uploads\/2026\/01\/details-ofBubble-5-768x940.webp 768w, https:\/\/www.chengjitoy.com\/wp-content\/uploads\/2026\/01\/details-ofBubble-5-10x12.webp 10w, https:\/\/www.chengjitoy.com\/wp-content\/uploads\/2026\/01\/details-ofBubble-5-600x734.webp 600w\" \/><\/figure>\n\n\n\n<figure class=\"wp-block-image size-full\"><img loading=\"lazy\" decoding=\"async\" width=\"770\" height=\"935\" sizes=\"auto, (max-width: 770px) 100vw, 770px\" src=\"https:\/\/www.chengjitoy.com\/wp-content\/uploads\/2026\/01\/details-ofBubble-6.webp\" alt=\"\" class=\"wp-image-8644\" srcset=\"https:\/\/www.chengjitoy.com\/wp-content\/uploads\/2026\/01\/details-ofBubble-6.webp 770w, https:\/\/www.chengjitoy.com\/wp-content\/uploads\/2026\/01\/details-ofBubble-6-247x300.webp 247w, https:\/\/www.chengjitoy.com\/wp-content\/uploads\/2026\/01\/details-ofBubble-6-768x933.webp 768w, https:\/\/www.chengjitoy.com\/wp-content\/uploads\/2026\/01\/details-ofBubble-6-10x12.webp 10w, https:\/\/www.chengjitoy.com\/wp-content\/uploads\/2026\/01\/details-ofBubble-6-600x729.webp 600w\" \/><\/figure>\n\n\n\n<figure class=\"wp-block-image size-full\"><img loading=\"lazy\" decoding=\"async\" width=\"770\" height=\"863\" sizes=\"auto, (max-width: 770px) 100vw, 770px\" src=\"https:\/\/www.chengjitoy.com\/wp-content\/uploads\/2026\/01\/details-ofBubble-7.webp\" alt=\"\" class=\"wp-image-8645\" srcset=\"https:\/\/www.chengjitoy.com\/wp-content\/uploads\/2026\/01\/details-ofBubble-7.webp 770w, https:\/\/www.chengjitoy.com\/wp-content\/uploads\/2026\/01\/details-ofBubble-7-268x300.webp 268w, https:\/\/www.chengjitoy.com\/wp-content\/uploads\/2026\/01\/details-ofBubble-7-768x861.webp 768w, https:\/\/www.chengjitoy.com\/wp-content\/uploads\/2026\/01\/details-ofBubble-7-11x12.webp 11w, https:\/\/www.chengjitoy.com\/wp-content\/uploads\/2026\/01\/details-ofBubble-7-600x672.webp 600w\" \/><\/figure>\n\n\n\n<figure class=\"wp-block-image size-full\"><img loading=\"lazy\" decoding=\"async\" width=\"770\" height=\"1290\" sizes=\"auto, (max-width: 770px) 100vw, 770px\" src=\"https:\/\/www.chengjitoy.com\/wp-content\/uploads\/2026\/01\/details-ofBubble-8.webp\" alt=\"\" class=\"wp-image-8646\" srcset=\"https:\/\/www.chengjitoy.com\/wp-content\/uploads\/2026\/01\/details-ofBubble-8.webp 770w, https:\/\/www.chengjitoy.com\/wp-content\/uploads\/2026\/01\/details-ofBubble-8-179x300.webp 179w, https:\/\/www.chengjitoy.com\/wp-content\/uploads\/2026\/01\/details-ofBubble-8-768x1287.webp 768w, https:\/\/www.chengjitoy.com\/wp-content\/uploads\/2026\/01\/details-ofBubble-8-7x12.webp 7w, https:\/\/www.chengjitoy.com\/wp-content\/uploads\/2026\/01\/details-ofBubble-8-600x1005.webp 600w\" \/><\/figure>\n<\/div>\n\n\n\n<div class=\"wp-block-column is-layout-flow wp-block-column-is-layout-flow\" style=\"flex-basis:33.33%\"><\/div>\n<\/div>","protected":false},"excerpt":{"rendered":"<p>Pistolet \u00e0 bulles en gros. Ce pistolet \u00e0 bulles est \u00e9quip\u00e9 d'une double batterie, d'une rotation continue des bulles, d'une poign\u00e9e lisse sans bavures, d'un mat\u00e9riau ABS s\u00fbr et d'un syst\u00e8me de trempage facile.<\/p>\n<p>En tant que <a href=\"https:\/\/www.chengjitoy.com\/fr\/categorie-produit\/wholesale-summer-toys\/\"><strong>fabricant de jouets d'\u00e9t\u00e9<\/strong><\/a>, Chengji fournit des jouets en gros aux clients du monde entier. Obtenez votre prix d'usine maintenant !<\/p>\n<h2>Sp\u00e9cifications du pistolet souffleur de bulles<\/h2>\n<table style=\"border-collapse: collapse; width: 343.52pt;\" border=\"0\" width=\"458\" cellspacing=\"0\" cellpadding=\"0\">\n<tbody>\n<tr style=\"height: 19.50pt;\">\n<td class=\"et2\" style=\"height: 19.50pt; width: 133.75pt;\" width=\"178\" height=\"26\">Num\u00e9ro d'article :<\/td>\n<td class=\"et3\" style=\"width: 210.00pt;\" width=\"280\">CJ-2283255<\/td>\n<\/tr>\n<tr style=\"height: 20.25pt;\">\n<td class=\"et4\" style=\"height: 20.25pt; width: 133.75pt;\" width=\"178\" height=\"27\">Paquet :<\/td>\n<td class=\"et5\" style=\"width: 210.00pt;\" width=\"280\">COLOR BOX<\/td>\n<\/tr>\n<tr style=\"height: 19.50pt;\">\n<td class=\"et4\" style=\"height: 19.50pt; width: 133.75pt;\" width=\"178\" height=\"26\">Taille de l'emballage :<\/td>\n<td class=\"et5\" style=\"width: 210.00pt;\" width=\"280\">18*16*8.5CM<\/td>\n<\/tr>\n<tr style=\"height: 20.25pt;\">\n<td class=\"et4\" style=\"height: 20.25pt; width: 133.75pt;\" width=\"178\" height=\"27\">Taille du carton\uff1a<\/td>\n<td class=\"et5\" style=\"width: 210.00pt;\" width=\"280\">73.5*49.5*74.5CM<\/td>\n<\/tr>\n<tr style=\"height: 19.50pt;\">\n<td class=\"et4\" style=\"height: 19.50pt; width: 133.75pt;\" width=\"178\" height=\"26\">Q'ty\/Ctn :<\/td>\n<td class=\"et5\" style=\"width: 210.00pt;\" width=\"280\">96\/PCS<\/td>\n<\/tr>\n<tr style=\"height: 20.25pt;\">\n<td class=\"et4\" style=\"height: 20.25pt; width: 133.75pt;\" width=\"178\" height=\"27\">G.W.\/N.W. :<\/td>\n<td class=\"et5\" style=\"width: 210.00pt;\" width=\"280\">25\/23 kg<\/td>\n<\/tr>\n<tr style=\"height: 19.50pt;\">\n<td class=\"et4\" style=\"height: 19.50pt; width: 133.75pt;\" width=\"178\" height=\"26\">Mesure :<\/td>\n<td class=\"et5\" style=\"width: 210.00pt;\" width=\"280\">0.27 CBM\u2019\/9.56 CUFT\u2019<\/td>\n<\/tr>\n<\/tbody>\n<\/table>","protected":false},"featured_media":8632,"comment_status":"closed","ping_status":"closed","template":"","meta":{"_acf_changed":true},"product_brand":[],"product_cat":[26,30,63,21],"product_tag":[],"class_list":{"0":"post-8631","1":"product","2":"type-product","3":"status-publish","4":"has-post-thumbnail","6":"product_cat-wholesale-toys-for-all-ages","7":"product_cat-wholesale-toys-for-ages-3-and-up","8":"product_cat-wholesale-bubble-toys","9":"product_cat-wholesale-summer-toys","11":"first","12":"instock","13":"shipping-taxable","14":"product-type-simple"},"acf":[],"_links":{"self":[{"href":"https:\/\/www.chengjitoy.com\/fr\/wp-json\/wp\/v2\/product\/8631","targetHints":{"allow":["GET"]}}],"collection":[{"href":"https:\/\/www.chengjitoy.com\/fr\/wp-json\/wp\/v2\/product"}],"about":[{"href":"https:\/\/www.chengjitoy.com\/fr\/wp-json\/wp\/v2\/types\/product"}],"replies":[{"embeddable":true,"href":"https:\/\/www.chengjitoy.com\/fr\/wp-json\/wp\/v2\/comments?post=8631"}],"wp:featuredmedia":[{"embeddable":true,"href":"https:\/\/www.chengjitoy.com\/fr\/wp-json\/wp\/v2\/media\/8632"}],"wp:attachment":[{"href":"https:\/\/www.chengjitoy.com\/fr\/wp-json\/wp\/v2\/media?parent=8631"}],"wp:term":[{"taxonomy":"product_brand","embeddable":true,"href":"https:\/\/www.chengjitoy.com\/fr\/wp-json\/wp\/v2\/product_brand?post=8631"},{"taxonomy":"product_cat","embeddable":true,"href":"https:\/\/www.chengjitoy.com\/fr\/wp-json\/wp\/v2\/product_cat?post=8631"},{"taxonomy":"product_tag","embeddable":true,"href":"https:\/\/www.chengjitoy.com\/fr\/wp-json\/wp\/v2\/product_tag?post=8631"}],"curies":[{"name":"wp","href":"https:\/\/api.w.org\/{rel}","templated":true}]}}