{"id":8985,"date":"2026-02-24T09:58:41","date_gmt":"2026-02-24T09:58:41","guid":{"rendered":"https:\/\/www.chengjitoy.com\/?post_type=product&#038;p=8985"},"modified":"2026-02-24T09:58:42","modified_gmt":"2026-02-24T09:58:42","slug":"wholesale-gatling-water-gun-toy","status":"publish","type":"product","link":"https:\/\/www.chengjitoy.com\/fr\/product\/wholesale-gatling-water-gun-toy\/","title":{"rendered":"Pistolet \u00e0 eau \u00e9lectrique Gatling en gros - Jouet pistolet, jouet d'\u00e9t\u00e9"},"content":{"rendered":"<div class=\"wp-block-columns is-layout-flex wp-container-core-columns-is-layout-9d6595d7 wp-block-columns-is-layout-flex\">\n<div class=\"wp-block-column is-layout-flow wp-block-column-is-layout-flow\" style=\"flex-basis:66.66%\">\n<figure class=\"wp-block-image size-full\"><img loading=\"lazy\" decoding=\"async\" width=\"770\" height=\"2033\" sizes=\"auto, (max-width: 770px) 100vw, 770px\" src=\"https:\/\/www.chengjitoy.com\/wp-content\/uploads\/2026\/02\/details-of-WATER-GUN-1-1.webp\" alt=\"\" class=\"wp-image-8994\" srcset=\"https:\/\/www.chengjitoy.com\/wp-content\/uploads\/2026\/02\/details-of-WATER-GUN-1-1.webp 770w, https:\/\/www.chengjitoy.com\/wp-content\/uploads\/2026\/02\/details-of-WATER-GUN-1-1-114x300.webp 114w, https:\/\/www.chengjitoy.com\/wp-content\/uploads\/2026\/02\/details-of-WATER-GUN-1-1-768x2028.webp 768w, https:\/\/www.chengjitoy.com\/wp-content\/uploads\/2026\/02\/details-of-WATER-GUN-1-1-5x12.webp 5w, https:\/\/www.chengjitoy.com\/wp-content\/uploads\/2026\/02\/details-of-WATER-GUN-1-1-600x1584.webp 600w\" \/><\/figure>\n\n\n\n<figure class=\"wp-block-image size-full\"><img loading=\"lazy\" decoding=\"async\" width=\"770\" height=\"1353\" sizes=\"auto, (max-width: 770px) 100vw, 770px\" src=\"https:\/\/www.chengjitoy.com\/wp-content\/uploads\/2026\/02\/details-of-WATER-GUN-2-1.webp\" alt=\"\" class=\"wp-image-8995\" srcset=\"https:\/\/www.chengjitoy.com\/wp-content\/uploads\/2026\/02\/details-of-WATER-GUN-2-1.webp 770w, https:\/\/www.chengjitoy.com\/wp-content\/uploads\/2026\/02\/details-of-WATER-GUN-2-1-171x300.webp 171w, https:\/\/www.chengjitoy.com\/wp-content\/uploads\/2026\/02\/details-of-WATER-GUN-2-1-768x1349.webp 768w, https:\/\/www.chengjitoy.com\/wp-content\/uploads\/2026\/02\/details-of-WATER-GUN-2-1-7x12.webp 7w, https:\/\/www.chengjitoy.com\/wp-content\/uploads\/2026\/02\/details-of-WATER-GUN-2-1-600x1054.webp 600w\" \/><\/figure>\n\n\n\n<figure class=\"wp-block-image size-full\"><img loading=\"lazy\" decoding=\"async\" width=\"770\" height=\"1328\" sizes=\"auto, (max-width: 770px) 100vw, 770px\" src=\"https:\/\/www.chengjitoy.com\/wp-content\/uploads\/2026\/02\/details-of-WATER-GUN-3-1.webp\" alt=\"\" class=\"wp-image-8996\" srcset=\"https:\/\/www.chengjitoy.com\/wp-content\/uploads\/2026\/02\/details-of-WATER-GUN-3-1.webp 770w, https:\/\/www.chengjitoy.com\/wp-content\/uploads\/2026\/02\/details-of-WATER-GUN-3-1-174x300.webp 174w, https:\/\/www.chengjitoy.com\/wp-content\/uploads\/2026\/02\/details-of-WATER-GUN-3-1-768x1325.webp 768w, https:\/\/www.chengjitoy.com\/wp-content\/uploads\/2026\/02\/details-of-WATER-GUN-3-1-7x12.webp 7w, https:\/\/www.chengjitoy.com\/wp-content\/uploads\/2026\/02\/details-of-WATER-GUN-3-1-600x1035.webp 600w\" \/><\/figure>\n\n\n\n<figure class=\"wp-block-image size-full\"><img loading=\"lazy\" decoding=\"async\" width=\"770\" height=\"868\" sizes=\"auto, (max-width: 770px) 100vw, 770px\" src=\"https:\/\/www.chengjitoy.com\/wp-content\/uploads\/2026\/02\/details-of-WATER-GUN-4-1.webp\" alt=\"\" class=\"wp-image-8997\" srcset=\"https:\/\/www.chengjitoy.com\/wp-content\/uploads\/2026\/02\/details-of-WATER-GUN-4-1.webp 770w, https:\/\/www.chengjitoy.com\/wp-content\/uploads\/2026\/02\/details-of-WATER-GUN-4-1-266x300.webp 266w, https:\/\/www.chengjitoy.com\/wp-content\/uploads\/2026\/02\/details-of-WATER-GUN-4-1-768x866.webp 768w, https:\/\/www.chengjitoy.com\/wp-content\/uploads\/2026\/02\/details-of-WATER-GUN-4-1-11x12.webp 11w, https:\/\/www.chengjitoy.com\/wp-content\/uploads\/2026\/02\/details-of-WATER-GUN-4-1-600x676.webp 600w\" \/><\/figure>\n\n\n\n<figure class=\"wp-block-image size-full\"><img loading=\"lazy\" decoding=\"async\" width=\"770\" height=\"1246\" sizes=\"auto, (max-width: 770px) 100vw, 770px\" src=\"https:\/\/www.chengjitoy.com\/wp-content\/uploads\/2026\/02\/details-of-WATER-GUN-5-1.webp\" alt=\"\" class=\"wp-image-8998\" srcset=\"https:\/\/www.chengjitoy.com\/wp-content\/uploads\/2026\/02\/details-of-WATER-GUN-5-1.webp 770w, https:\/\/www.chengjitoy.com\/wp-content\/uploads\/2026\/02\/details-of-WATER-GUN-5-1-185x300.webp 185w, https:\/\/www.chengjitoy.com\/wp-content\/uploads\/2026\/02\/details-of-WATER-GUN-5-1-768x1243.webp 768w, https:\/\/www.chengjitoy.com\/wp-content\/uploads\/2026\/02\/details-of-WATER-GUN-5-1-7x12.webp 7w, https:\/\/www.chengjitoy.com\/wp-content\/uploads\/2026\/02\/details-of-WATER-GUN-5-1-600x971.webp 600w\" \/><\/figure>\n\n\n\n<figure class=\"wp-block-image size-full\"><img loading=\"lazy\" decoding=\"async\" width=\"770\" height=\"1317\" sizes=\"auto, (max-width: 770px) 100vw, 770px\" src=\"https:\/\/www.chengjitoy.com\/wp-content\/uploads\/2026\/02\/details-of-WATER-GUN-6-1.webp\" alt=\"\" class=\"wp-image-8999\" srcset=\"https:\/\/www.chengjitoy.com\/wp-content\/uploads\/2026\/02\/details-of-WATER-GUN-6-1.webp 770w, https:\/\/www.chengjitoy.com\/wp-content\/uploads\/2026\/02\/details-of-WATER-GUN-6-1-175x300.webp 175w, https:\/\/www.chengjitoy.com\/wp-content\/uploads\/2026\/02\/details-of-WATER-GUN-6-1-768x1314.webp 768w, https:\/\/www.chengjitoy.com\/wp-content\/uploads\/2026\/02\/details-of-WATER-GUN-6-1-7x12.webp 7w, https:\/\/www.chengjitoy.com\/wp-content\/uploads\/2026\/02\/details-of-WATER-GUN-6-1-600x1026.webp 600w\" \/><\/figure>\n\n\n\n<figure class=\"wp-block-image size-full\"><img loading=\"lazy\" decoding=\"async\" width=\"770\" height=\"1029\" sizes=\"auto, (max-width: 770px) 100vw, 770px\" src=\"https:\/\/www.chengjitoy.com\/wp-content\/uploads\/2026\/02\/details-of-WATER-GUN-9-1.webp\" alt=\"\" class=\"wp-image-9000\" srcset=\"https:\/\/www.chengjitoy.com\/wp-content\/uploads\/2026\/02\/details-of-WATER-GUN-9-1.webp 770w, https:\/\/www.chengjitoy.com\/wp-content\/uploads\/2026\/02\/details-of-WATER-GUN-9-1-224x300.webp 224w, https:\/\/www.chengjitoy.com\/wp-content\/uploads\/2026\/02\/details-of-WATER-GUN-9-1-768x1026.webp 768w, https:\/\/www.chengjitoy.com\/wp-content\/uploads\/2026\/02\/details-of-WATER-GUN-9-1-9x12.webp 9w, https:\/\/www.chengjitoy.com\/wp-content\/uploads\/2026\/02\/details-of-WATER-GUN-9-1-600x802.webp 600w\" \/><\/figure>\n<\/div>\n\n\n\n<div class=\"wp-block-column is-layout-flow wp-block-column-is-layout-flow\" style=\"flex-basis:33.33%\"><\/div>\n<\/div>","protected":false},"excerpt":{"rendered":"<p>Wholesale electric Gatling water gun, large water tank, long battery life, long-range strong stream, adjustable handle, waterproof design, perfect for beach, pool, park &amp; outdoor fun.<\/p>\n<p>Chengji est un <a href=\"https:\/\/www.chengjitoy.com\/fr\/categorie-produit\/wholesale-toy-guns\/\"><strong>gun toy supplier<\/strong><\/a> from China. We can support bulk toy supplies for global clients. Contact us now!<\/p>\n<h2>Specifications of Gatling Water Gun\u00a0<\/h2>\n<table style=\"border-collapse: collapse; width: 343.52pt;\" border=\"0\" width=\"458\" cellspacing=\"0\" cellpadding=\"0\">\n<tbody>\n<tr style=\"height: 19.50pt;\">\n<td class=\"et2\" style=\"height: 19.50pt; width: 133.75pt;\" width=\"178\" height=\"26\">Num\u00e9ro d'article :<\/td>\n<td class=\"et3\" style=\"width: 210.00pt;\" width=\"280\">CJ-4226889<\/td>\n<\/tr>\n<tr style=\"height: 20.25pt;\">\n<td class=\"et4\" style=\"height: 20.25pt; width: 133.75pt;\" width=\"178\" height=\"27\">Paquet :<\/td>\n<td class=\"et5\" style=\"width: 210.00pt;\" width=\"280\">BO\u00ceTE DE PR\u00c9SENTATION<\/td>\n<\/tr>\n<tr style=\"height: 19.50pt;\">\n<td class=\"et4\" style=\"height: 19.50pt; width: 133.75pt;\" width=\"178\" height=\"26\">Taille de l'emballage :<\/td>\n<td class=\"et5\" style=\"width: 210.00pt;\" width=\"280\">63.4*13*24.7CM<\/td>\n<\/tr>\n<tr style=\"height: 20.25pt;\">\n<td class=\"et4\" style=\"height: 20.25pt; width: 133.75pt;\" width=\"178\" height=\"27\">Taille du carton\uff1a<\/td>\n<td class=\"et5\" style=\"width: 210.00pt;\" width=\"280\">80.5*65.5*51.5CM<\/td>\n<\/tr>\n<tr style=\"height: 19.50pt;\">\n<td class=\"et4\" style=\"height: 19.50pt; width: 133.75pt;\" width=\"178\" height=\"26\">Q'ty\/Ctn :<\/td>\n<td class=\"et5\" style=\"width: 210.00pt;\" width=\"280\">12\/PCS<\/td>\n<\/tr>\n<tr style=\"height: 20.25pt;\">\n<td class=\"et4\" style=\"height: 20.25pt; width: 133.75pt;\" width=\"178\" height=\"27\">G.W.\/N.W. :<\/td>\n<td class=\"et5\" style=\"width: 210.00pt;\" width=\"280\">16.5\/15 KG<\/td>\n<\/tr>\n<tr style=\"height: 19.50pt;\">\n<td class=\"et4\" style=\"height: 19.50pt; width: 133.75pt;\" width=\"178\" height=\"26\">Mesure :<\/td>\n<td class=\"et5\" style=\"width: 210.00pt;\" width=\"280\">0,27 CBM\u2019\/9,58 CUFT\u2019<\/td>\n<\/tr>\n<\/tbody>\n<\/table>","protected":false},"featured_media":8986,"comment_status":"closed","ping_status":"closed","template":"","meta":{"_acf_changed":true},"product_brand":[],"product_cat":[26,30,21,19,82,62],"product_tag":[],"class_list":{"0":"post-8985","1":"product","2":"type-product","3":"status-publish","4":"has-post-thumbnail","6":"product_cat-wholesale-toys-for-all-ages","7":"product_cat-wholesale-toys-for-ages-3-and-up","8":"product_cat-wholesale-summer-toys","9":"product_cat-wholesale-toy-guns","10":"product_cat-wholesale-water-guns","11":"product_cat-wholesale-water-toys","13":"first","14":"instock","15":"shipping-taxable","16":"product-type-simple"},"acf":[],"_links":{"self":[{"href":"https:\/\/www.chengjitoy.com\/fr\/wp-json\/wp\/v2\/product\/8985","targetHints":{"allow":["GET"]}}],"collection":[{"href":"https:\/\/www.chengjitoy.com\/fr\/wp-json\/wp\/v2\/product"}],"about":[{"href":"https:\/\/www.chengjitoy.com\/fr\/wp-json\/wp\/v2\/types\/product"}],"replies":[{"embeddable":true,"href":"https:\/\/www.chengjitoy.com\/fr\/wp-json\/wp\/v2\/comments?post=8985"}],"wp:featuredmedia":[{"embeddable":true,"href":"https:\/\/www.chengjitoy.com\/fr\/wp-json\/wp\/v2\/media\/8986"}],"wp:attachment":[{"href":"https:\/\/www.chengjitoy.com\/fr\/wp-json\/wp\/v2\/media?parent=8985"}],"wp:term":[{"taxonomy":"product_brand","embeddable":true,"href":"https:\/\/www.chengjitoy.com\/fr\/wp-json\/wp\/v2\/product_brand?post=8985"},{"taxonomy":"product_cat","embeddable":true,"href":"https:\/\/www.chengjitoy.com\/fr\/wp-json\/wp\/v2\/product_cat?post=8985"},{"taxonomy":"product_tag","embeddable":true,"href":"https:\/\/www.chengjitoy.com\/fr\/wp-json\/wp\/v2\/product_tag?post=8985"}],"curies":[{"name":"wp","href":"https:\/\/api.w.org\/{rel}","templated":true}]}}