{"id":9399,"date":"2026-03-06T10:04:37","date_gmt":"2026-03-06T10:04:37","guid":{"rendered":"https:\/\/www.chengjitoy.com\/?post_type=product&#038;p=9399"},"modified":"2026-03-06T10:04:37","modified_gmt":"2026-03-06T10:04:37","slug":"wholesale-star-projector-night-light","status":"publish","type":"product","link":"https:\/\/www.chengjitoy.com\/fr\/product\/wholesale-star-projector-night-light\/","title":{"rendered":"Jouet en forme de fus\u00e9e spatiale avec projecteur d'\u00e9toiles - grossiste Toy Factory Supply"},"content":{"rendered":"<div class=\"wp-block-columns is-layout-flex wp-container-core-columns-is-layout-9d6595d7 wp-block-columns-is-layout-flex\">\n<div class=\"wp-block-column is-layout-flow wp-block-column-is-layout-flow\" style=\"flex-basis:66.66%\">\n<figure class=\"wp-block-image size-full\"><img loading=\"lazy\" decoding=\"async\" width=\"770\" height=\"1519\" src=\"https:\/\/www.chengjitoy.com\/wp-content\/uploads\/2026\/03\/details-of-Rocket-projection-night-light-1.webp\" alt=\"\" class=\"wp-image-9535\" srcset=\"https:\/\/www.chengjitoy.com\/wp-content\/uploads\/2026\/03\/details-of-Rocket-projection-night-light-1.webp 770w, https:\/\/www.chengjitoy.com\/wp-content\/uploads\/2026\/03\/details-of-Rocket-projection-night-light-1-152x300.webp 152w, https:\/\/www.chengjitoy.com\/wp-content\/uploads\/2026\/03\/details-of-Rocket-projection-night-light-1-768x1515.webp 768w, https:\/\/www.chengjitoy.com\/wp-content\/uploads\/2026\/03\/details-of-Rocket-projection-night-light-1-6x12.webp 6w, https:\/\/www.chengjitoy.com\/wp-content\/uploads\/2026\/03\/details-of-Rocket-projection-night-light-1-600x1184.webp 600w\" sizes=\"auto, (max-width: 770px) 100vw, 770px\" \/><\/figure>\n\n\n\n<figure class=\"wp-block-image size-full\"><img loading=\"lazy\" decoding=\"async\" width=\"770\" height=\"1672\" src=\"https:\/\/www.chengjitoy.com\/wp-content\/uploads\/2026\/03\/details-of-Rocket-projection-night-light-2.webp\" alt=\"\" class=\"wp-image-9536\" srcset=\"https:\/\/www.chengjitoy.com\/wp-content\/uploads\/2026\/03\/details-of-Rocket-projection-night-light-2.webp 770w, https:\/\/www.chengjitoy.com\/wp-content\/uploads\/2026\/03\/details-of-Rocket-projection-night-light-2-138x300.webp 138w, https:\/\/www.chengjitoy.com\/wp-content\/uploads\/2026\/03\/details-of-Rocket-projection-night-light-2-768x1668.webp 768w, https:\/\/www.chengjitoy.com\/wp-content\/uploads\/2026\/03\/details-of-Rocket-projection-night-light-2-6x12.webp 6w, https:\/\/www.chengjitoy.com\/wp-content\/uploads\/2026\/03\/details-of-Rocket-projection-night-light-2-600x1303.webp 600w\" sizes=\"auto, (max-width: 770px) 100vw, 770px\" \/><\/figure>\n\n\n\n<figure class=\"wp-block-image size-full\"><img loading=\"lazy\" decoding=\"async\" width=\"770\" height=\"1435\" src=\"https:\/\/www.chengjitoy.com\/wp-content\/uploads\/2026\/03\/details-of-Rocket-projection-night-light-3.webp\" alt=\"\" class=\"wp-image-9537\" srcset=\"https:\/\/www.chengjitoy.com\/wp-content\/uploads\/2026\/03\/details-of-Rocket-projection-night-light-3.webp 770w, https:\/\/www.chengjitoy.com\/wp-content\/uploads\/2026\/03\/details-of-Rocket-projection-night-light-3-161x300.webp 161w, https:\/\/www.chengjitoy.com\/wp-content\/uploads\/2026\/03\/details-of-Rocket-projection-night-light-3-768x1431.webp 768w, https:\/\/www.chengjitoy.com\/wp-content\/uploads\/2026\/03\/details-of-Rocket-projection-night-light-3-6x12.webp 6w, https:\/\/www.chengjitoy.com\/wp-content\/uploads\/2026\/03\/details-of-Rocket-projection-night-light-3-600x1118.webp 600w\" sizes=\"auto, (max-width: 770px) 100vw, 770px\" \/><\/figure>\n\n\n\n<figure class=\"wp-block-image size-full\"><img loading=\"lazy\" decoding=\"async\" width=\"770\" height=\"1764\" src=\"https:\/\/www.chengjitoy.com\/wp-content\/uploads\/2026\/03\/details-of-Rocket-projection-night-light-4.webp\" alt=\"\" class=\"wp-image-9538\" srcset=\"https:\/\/www.chengjitoy.com\/wp-content\/uploads\/2026\/03\/details-of-Rocket-projection-night-light-4.webp 770w, https:\/\/www.chengjitoy.com\/wp-content\/uploads\/2026\/03\/details-of-Rocket-projection-night-light-4-131x300.webp 131w, https:\/\/www.chengjitoy.com\/wp-content\/uploads\/2026\/03\/details-of-Rocket-projection-night-light-4-768x1759.webp 768w, https:\/\/www.chengjitoy.com\/wp-content\/uploads\/2026\/03\/details-of-Rocket-projection-night-light-4-5x12.webp 5w, https:\/\/www.chengjitoy.com\/wp-content\/uploads\/2026\/03\/details-of-Rocket-projection-night-light-4-600x1375.webp 600w\" sizes=\"auto, (max-width: 770px) 100vw, 770px\" \/><\/figure>\n\n\n\n<figure class=\"wp-block-image size-full\"><img loading=\"lazy\" decoding=\"async\" width=\"770\" height=\"625\" src=\"https:\/\/www.chengjitoy.com\/wp-content\/uploads\/2026\/03\/details-of-Rocket-projection-night-light-5.webp\" alt=\"\" class=\"wp-image-9539\" srcset=\"https:\/\/www.chengjitoy.com\/wp-content\/uploads\/2026\/03\/details-of-Rocket-projection-night-light-5.webp 770w, https:\/\/www.chengjitoy.com\/wp-content\/uploads\/2026\/03\/details-of-Rocket-projection-night-light-5-300x244.webp 300w, https:\/\/www.chengjitoy.com\/wp-content\/uploads\/2026\/03\/details-of-Rocket-projection-night-light-5-768x623.webp 768w, https:\/\/www.chengjitoy.com\/wp-content\/uploads\/2026\/03\/details-of-Rocket-projection-night-light-5-15x12.webp 15w, https:\/\/www.chengjitoy.com\/wp-content\/uploads\/2026\/03\/details-of-Rocket-projection-night-light-5-600x487.webp 600w\" sizes=\"auto, (max-width: 770px) 100vw, 770px\" \/><\/figure>\n\n\n\n<figure class=\"wp-block-image size-full\"><img loading=\"lazy\" decoding=\"async\" width=\"770\" height=\"1799\" src=\"https:\/\/www.chengjitoy.com\/wp-content\/uploads\/2026\/03\/details-of-Rocket-projection-night-light-6.webp\" alt=\"\" class=\"wp-image-9540\" srcset=\"https:\/\/www.chengjitoy.com\/wp-content\/uploads\/2026\/03\/details-of-Rocket-projection-night-light-6.webp 770w, https:\/\/www.chengjitoy.com\/wp-content\/uploads\/2026\/03\/details-of-Rocket-projection-night-light-6-128x300.webp 128w, https:\/\/www.chengjitoy.com\/wp-content\/uploads\/2026\/03\/details-of-Rocket-projection-night-light-6-768x1794.webp 768w, https:\/\/www.chengjitoy.com\/wp-content\/uploads\/2026\/03\/details-of-Rocket-projection-night-light-6-5x12.webp 5w, https:\/\/www.chengjitoy.com\/wp-content\/uploads\/2026\/03\/details-of-Rocket-projection-night-light-6-600x1402.webp 600w\" sizes=\"auto, (max-width: 770px) 100vw, 770px\" \/><\/figure>\n<\/div>\n\n\n\n<div class=\"wp-block-column is-layout-flow wp-block-column-is-layout-flow\" style=\"flex-basis:33.33%\"><\/div>\n<\/div>","protected":false},"excerpt":{"rendered":"<p>Veilleuse en forme de fus\u00e9e, 12 th\u00e8mes de plan\u00e8tes, 3 couleurs de lumi\u00e8re, rotation \u00e0 360\u00b0, sans fil, disques interchangeables, accompagne les enfants dans leurs r\u00eaves interstellaires. Ce jouet est id\u00e9al pour faire d\u00e9couvrir l'univers aux enfants.<\/p>\n<p>En tant que <a href=\"https:\/\/www.chengjitoy.com\/fr\/categorie-produit\/wholesale-educational-toys\/\"><strong>fournisseur de jouets \u00e9ducatifs<\/strong><\/a>, Chengji prend en charge les commandes de jouets en gros. Contactez nous d\u00e8s maintenant !<\/p>\n<h2>Sp\u00e9cifications de la veilleuse \u00e0 projecteur d'\u00e9toiles\u00a0<\/h2>\n<table style=\"border-collapse: collapse; width: 343.52pt;\" border=\"0\" width=\"458\" cellspacing=\"0\" cellpadding=\"0\">\n<tbody>\n<tr style=\"height: 19.50pt;\">\n<td class=\"et2\" style=\"height: 19.50pt; width: 133.75pt;\" width=\"178\" height=\"26\">Num\u00e9ro d'article :<\/td>\n<td class=\"et3\" style=\"width: 210.00pt;\" width=\"280\">CJ-5154530<\/td>\n<\/tr>\n<tr style=\"height: 20.25pt;\">\n<td class=\"et4\" style=\"height: 20.25pt; width: 133.75pt;\" width=\"178\" height=\"27\">Paquet :<\/td>\n<td class=\"et5\" style=\"width: 210.00pt;\" width=\"280\">BO\u00ceTE DE FEN\u00caTRE<\/td>\n<\/tr>\n<tr style=\"height: 19.50pt;\">\n<td class=\"et4\" style=\"height: 19.50pt; width: 133.75pt;\" width=\"178\" height=\"26\">Taille de l'emballage :<\/td>\n<td class=\"et5\" style=\"width: 210.00pt;\" width=\"280\">26*12.2*24.9CM<\/td>\n<\/tr>\n<tr style=\"height: 20.25pt;\">\n<td class=\"et4\" style=\"height: 20.25pt; width: 133.75pt;\" width=\"178\" height=\"27\">Taille du carton\uff1a<\/td>\n<td class=\"et5\" style=\"width: 210.00pt;\" width=\"280\">80.5*38.5*101CM<\/td>\n<\/tr>\n<tr style=\"height: 19.50pt;\">\n<td class=\"et4\" style=\"height: 19.50pt; width: 133.75pt;\" width=\"178\" height=\"26\">Q'ty\/Ctn :<\/td>\n<td class=\"et5\" style=\"width: 210.00pt;\" width=\"280\">36\/PCS<\/td>\n<\/tr>\n<tr style=\"height: 20.25pt;\">\n<td class=\"et4\" style=\"height: 20.25pt; width: 133.75pt;\" width=\"178\" height=\"27\">G.W.\/N.W. :<\/td>\n<td class=\"et5\" style=\"width: 210.00pt;\" width=\"280\">28\/26 KG<\/td>\n<\/tr>\n<tr style=\"height: 19.50pt;\">\n<td class=\"et4\" style=\"height: 19.50pt; width: 133.75pt;\" width=\"178\" height=\"26\">Mesure :<\/td>\n<td class=\"et5\" style=\"width: 210.00pt;\" width=\"280\">0,313 CBM\u2019\/11,046 CUFT\u2019.\u2019<\/td>\n<\/tr>\n<\/tbody>\n<\/table>","protected":false},"featured_media":9529,"comment_status":"closed","ping_status":"closed","template":"","meta":{"_acf_changed":true},"product_brand":[],"product_cat":[26,30,24,44],"product_tag":[],"class_list":{"0":"post-9399","1":"product","2":"type-product","3":"status-publish","4":"has-post-thumbnail","6":"product_cat-wholesale-toys-for-all-ages","7":"product_cat-wholesale-toys-for-ages-3-and-up","8":"product_cat-wholesale-educational-toys","9":"product_cat-wholesale-science-and-engineering-toys","11":"first","12":"instock","13":"shipping-taxable","14":"product-type-simple"},"acf":[],"_links":{"self":[{"href":"https:\/\/www.chengjitoy.com\/fr\/wp-json\/wp\/v2\/product\/9399","targetHints":{"allow":["GET"]}}],"collection":[{"href":"https:\/\/www.chengjitoy.com\/fr\/wp-json\/wp\/v2\/product"}],"about":[{"href":"https:\/\/www.chengjitoy.com\/fr\/wp-json\/wp\/v2\/types\/product"}],"replies":[{"embeddable":true,"href":"https:\/\/www.chengjitoy.com\/fr\/wp-json\/wp\/v2\/comments?post=9399"}],"wp:featuredmedia":[{"embeddable":true,"href":"https:\/\/www.chengjitoy.com\/fr\/wp-json\/wp\/v2\/media\/9529"}],"wp:attachment":[{"href":"https:\/\/www.chengjitoy.com\/fr\/wp-json\/wp\/v2\/media?parent=9399"}],"wp:term":[{"taxonomy":"product_brand","embeddable":true,"href":"https:\/\/www.chengjitoy.com\/fr\/wp-json\/wp\/v2\/product_brand?post=9399"},{"taxonomy":"product_cat","embeddable":true,"href":"https:\/\/www.chengjitoy.com\/fr\/wp-json\/wp\/v2\/product_cat?post=9399"},{"taxonomy":"product_tag","embeddable":true,"href":"https:\/\/www.chengjitoy.com\/fr\/wp-json\/wp\/v2\/product_tag?post=9399"}],"curies":[{"name":"wp","href":"https:\/\/api.w.org\/{rel}","templated":true}]}}